{"id":10727,"date":"2021-12-21T13:14:32","date_gmt":"2021-12-21T13:14:32","guid":{"rendered":"https:\/\/www.launchworks.co\/francois-coumau\/"},"modified":"2022-01-20T17:07:29","modified_gmt":"2022-01-20T17:07:29","slug":"francois-coumau","status":"publish","type":"page","link":"https:\/\/www.launchworks.co\/fr\/a-propos\/francois-coumau\/","title":{"rendered":"Fran\u00e7ois Coumau"},"content":{"rendered":"<p>Fran\u00e7ois Coumau \u00e9tait jusqu&rsquo;\u00e0 r\u00e9cemment directeur g\u00e9n\u00e9ral de Immediate Media Co, o\u00f9 il a dirig\u00e9 la transformation digitale du groupe et a jou\u00e9 un r\u00f4le cl\u00e9 dans la vente r\u00e9ussie de cette entreprise d\u00e9tenue par un fonds de capital-investissement. Il a dirig\u00e9 l&rsquo;activit\u00e9 M&amp;A pour le Groupe, avec l&rsquo;achat d&rsquo;une cha\u00eene de t\u00e9l\u00e9-achat dans le domaine de l&rsquo;artisanat ainsi que le lancement organique d&rsquo;une start-up.<\/p>\n<p>Avant cela, Fran\u00e7ois a pass\u00e9 9 ans chez eBay Europe, o\u00f9 son dernier poste \u00e9tait directeur g\u00e9n\u00e9ral pour l&rsquo;Europe continentale, dirigeant la croissance de la place de march\u00e9 ecommerce d&rsquo;eBay en France, en Italie et en Espagne notamment. Fran\u00e7ois a \u00e9galement \u00e9t\u00e9 \u00e9troitement impliqu\u00e9 dans le redressement d&rsquo;eBay Europe o\u00f9 il a dirig\u00e9 les \u00e9quipes charg\u00e9es de l&rsquo;exp\u00e9rience acheteur et de la recherche pour 12 march\u00e9s europ\u00e9ens, menant notamment un travail approfondi d&rsquo;optimisation des donn\u00e9es.<\/p>\n<p>Avant de rejoindre eBay, Fran\u00e7ois a pass\u00e9 10 ans chez Mars Inc, le groupe de confiserie o\u00f9 il a occup\u00e9 divers postes en marketing, cr\u00e9ant de nouveaux produits, concevant des strat\u00e9gies de publicit\u00e9 et de vente.<\/p>\n<p>Fran\u00e7ois est actuellement administrateur non ex\u00e9cutif de Findel plc, un leader du t\u00e9l\u00e9achat au Royaume-Uni. Son r\u00f4le au sein du conseil d&rsquo;administration est de conseiller l&rsquo;\u00e9quipe de direction sur les sujets li\u00e9s au digital et aux donn\u00e9es. Fran\u00e7ois conseille et pr\u00e9side \u00e9galement le conseil d&rsquo;administration de la start-up de divertissement digital <a href=\"https:\/\/www.culturewhisper.com\/\">Culture Whisper<\/a>.<\/p>\n<p>Chez Launchworks &amp; Co, Fran\u00e7ois est sp\u00e9cialis\u00e9 dans la mise \u00e0 l&rsquo; <a href=\"https:\/\/www.launchworks.co\/clients\/platforms-marketplaces\/\">\u00e9chelle des plateformes et des places de march\u00e9 \u00e0 l&rsquo;international<\/a> ,\u00e0 la fois en termes d&rsquo;adaptation de strat\u00e9gie et de propositions de valeur aux sp\u00e9cificit\u00e9s du march\u00e9, mais \u00e9galement dans la constitution, l&rsquo;organisation et le d\u00e9veloppement d&rsquo;\u00e9quipes multi-march\u00e9s. Il poss\u00e8de \u00e9galement une expertise approfondie en search\/matching de plateformes (mod\u00e8le global, tests, optimisation) et en mon\u00e9tisation de plateformes.<\/p>\n<p>Fran\u00e7ois est titulaire d&rsquo;un Master in Management de HEC Paris ainsi que d&rsquo;un MBA de la London Business School.<\/p>\n","protected":false},"excerpt":{"rendered":"<p>Fran\u00e7ois Coumau \u00e9tait jusqu&rsquo;\u00e0 r\u00e9cemment directeur g\u00e9n\u00e9ral de Immediate Media Co, o\u00f9 il a dirig\u00e9 la transformation digitale du groupe et a jou\u00e9 un r\u00f4le cl\u00e9 dans la vente r\u00e9ussie de cette entreprise d\u00e9tenue par un fonds de capital-investissement. Il a dirig\u00e9 l&rsquo;activit\u00e9 M&amp;A pour le Groupe, avec l&rsquo;achat d&rsquo;une cha\u00eene de t\u00e9l\u00e9-achat dans le&hellip; <a class=\"read-more\" href=\"https:\/\/www.launchworks.co\/fr\/a-propos\/francois-coumau\/\">Read More<\/a><\/p>\n","protected":false},"author":2,"featured_media":10301,"parent":10732,"menu_order":0,"comment_status":"closed","ping_status":"closed","template":"page-launchworks-team-member.php","meta":{"_acf_changed":false,"content-type":"","footnotes":""},"class_list":["post-10727","page","type-page","status-publish","has-post-thumbnail","hentry"],"acf":[],"yoast_head":"<!-- This site is optimized with the Yoast SEO Premium plugin v27.3 (Yoast SEO v27.2) - https:\/\/yoast.com\/product\/yoast-seo-premium-wordpress\/ -->\n<title>Fran\u00e7ois Coumau est Expert Branding &amp; Scaling chez Launchworks &amp; Co<\/title>\n<meta name=\"description\" content=\"Fran\u00e7ois Coumau aime les marques et s&#039;est sp\u00e9cialis\u00e9 dans la lib\u00e9ration de leur potentiel par l&#039;application m\u00e9thodique de l&#039;expertise num\u00e9rique. Form\u00e9 en marketing de marque chez L&#039;Or\u00e9al et Mars, il a ensuite occup\u00e9 des postes internationaux senior chez eBay et plus r\u00e9cemment chez Immediate Media, le principal \u00e9diteur de magazines du Royaume-Uni.\" \/>\n<meta name=\"robots\" content=\"index, follow, max-snippet:-1, max-image-preview:large, max-video-preview:-1\" \/>\n<link rel=\"canonical\" href=\"https:\/\/www.launchworks.co\/fr\/a-propos\/francois-coumau\/\" \/>\n<meta property=\"og:locale\" content=\"fr_FR\" \/>\n<meta property=\"og:type\" content=\"article\" \/>\n<meta property=\"og:title\" content=\"Fran\u00e7ois Coumau est Expert Branding &amp; Scaling chez Launchworks &amp; Co\" \/>\n<meta property=\"og:description\" content=\"Fran\u00e7ois Coumau aime les marques et s&#039;est sp\u00e9cialis\u00e9 dans la lib\u00e9ration de leur potentiel par l&#039;application m\u00e9thodique de l&#039;expertise num\u00e9rique. Form\u00e9 en marketing de marque chez L&#039;Or\u00e9al et Mars, il a ensuite occup\u00e9 des postes internationaux senior chez eBay et plus r\u00e9cemment chez Immediate Media, le principal \u00e9diteur de magazines du Royaume-Uni.\" \/>\n<meta property=\"og:url\" content=\"https:\/\/www.launchworks.co\/fr\/a-propos\/francois-coumau\/\" \/>\n<meta property=\"og:site_name\" content=\"Launchworks Ventures Ltd.\" \/>\n<meta property=\"article:modified_time\" content=\"2022-01-20T17:07:29+00:00\" \/>\n<meta property=\"og:image\" content=\"https:\/\/www.launchworks.co\/wp-content\/uploads\/2018\/01\/Francois-Regis-Caumau-BW.png\" \/>\n\t<meta property=\"og:image:width\" content=\"450\" \/>\n\t<meta property=\"og:image:height\" content=\"450\" \/>\n\t<meta property=\"og:image:type\" content=\"image\/png\" \/>\n<meta name=\"twitter:card\" content=\"summary_large_image\" \/>\n<meta name=\"twitter:site\" content=\"@LaunchworksV\" \/>\n<meta name=\"twitter:label1\" content=\"Dur\u00e9e de lecture estim\u00e9e\" \/>\n\t<meta name=\"twitter:data1\" content=\"2 minutes\" \/>\n<script type=\"application\/ld+json\" class=\"yoast-schema-graph\">{\"@context\":\"https:\/\/schema.org\",\"@graph\":[{\"@type\":\"WebPage\",\"@id\":\"https:\/\/www.launchworks.co\/fr\/a-propos\/francois-coumau\/\",\"url\":\"https:\/\/www.launchworks.co\/fr\/a-propos\/francois-coumau\/\",\"name\":\"Fran\u00e7ois Coumau est Expert Branding & Scaling chez Launchworks & Co\",\"isPartOf\":{\"@id\":\"https:\/\/www.launchworks.co\/fr\/#website\"},\"primaryImageOfPage\":{\"@id\":\"https:\/\/www.launchworks.co\/fr\/a-propos\/francois-coumau\/#primaryimage\"},\"image\":{\"@id\":\"https:\/\/www.launchworks.co\/fr\/a-propos\/francois-coumau\/#primaryimage\"},\"thumbnailUrl\":\"https:\/\/www.launchworks.co\/wp-content\/uploads\/2018\/01\/Francois-Regis-Caumau-BW.png\",\"datePublished\":\"2021-12-21T13:14:32+00:00\",\"dateModified\":\"2022-01-20T17:07:29+00:00\",\"description\":\"Fran\u00e7ois Coumau aime les marques et s'est sp\u00e9cialis\u00e9 dans la lib\u00e9ration de leur potentiel par l'application m\u00e9thodique de l'expertise num\u00e9rique. Form\u00e9 en marketing de marque chez L'Or\u00e9al et Mars, il a ensuite occup\u00e9 des postes internationaux senior chez eBay et plus r\u00e9cemment chez Immediate Media, le principal \u00e9diteur de magazines du Royaume-Uni.\",\"breadcrumb\":{\"@id\":\"https:\/\/www.launchworks.co\/fr\/a-propos\/francois-coumau\/#breadcrumb\"},\"inLanguage\":\"fr-FR\",\"potentialAction\":[{\"@type\":\"ReadAction\",\"target\":[\"https:\/\/www.launchworks.co\/fr\/a-propos\/francois-coumau\/\"]}]},{\"@type\":\"ImageObject\",\"inLanguage\":\"fr-FR\",\"@id\":\"https:\/\/www.launchworks.co\/fr\/a-propos\/francois-coumau\/#primaryimage\",\"url\":\"https:\/\/www.launchworks.co\/wp-content\/uploads\/2018\/01\/Francois-Regis-Caumau-BW.png\",\"contentUrl\":\"https:\/\/www.launchworks.co\/wp-content\/uploads\/2018\/01\/Francois-Regis-Caumau-BW.png\",\"width\":450,\"height\":450},{\"@type\":\"BreadcrumbList\",\"@id\":\"https:\/\/www.launchworks.co\/fr\/a-propos\/francois-coumau\/#breadcrumb\",\"itemListElement\":[{\"@type\":\"ListItem\",\"position\":1,\"name\":\"Home\",\"item\":\"https:\/\/www.launchworks.co\/fr\/\"},{\"@type\":\"ListItem\",\"position\":2,\"name\":\"A propos\",\"item\":\"https:\/\/www.launchworks.co\/fr\/a-propos\/\"},{\"@type\":\"ListItem\",\"position\":3,\"name\":\"Fran\u00e7ois Coumau\"}]},{\"@type\":\"WebSite\",\"@id\":\"https:\/\/www.launchworks.co\/fr\/#website\",\"url\":\"https:\/\/www.launchworks.co\/fr\/\",\"name\":\"Launchworks Ventures Ltd.\",\"description\":\"\",\"potentialAction\":[{\"@type\":\"SearchAction\",\"target\":{\"@type\":\"EntryPoint\",\"urlTemplate\":\"https:\/\/www.launchworks.co\/fr\/?s={search_term_string}\"},\"query-input\":{\"@type\":\"PropertyValueSpecification\",\"valueRequired\":true,\"valueName\":\"search_term_string\"}}],\"inLanguage\":\"fr-FR\"}]}<\/script>\n<!-- \/ Yoast SEO Premium plugin. -->","yoast_head_json":{"title":"Fran\u00e7ois Coumau est Expert Branding & Scaling chez Launchworks & Co","description":"Fran\u00e7ois Coumau aime les marques et s'est sp\u00e9cialis\u00e9 dans la lib\u00e9ration de leur potentiel par l'application m\u00e9thodique de l'expertise num\u00e9rique. Form\u00e9 en marketing de marque chez L'Or\u00e9al et Mars, il a ensuite occup\u00e9 des postes internationaux senior chez eBay et plus r\u00e9cemment chez Immediate Media, le principal \u00e9diteur de magazines du Royaume-Uni.","robots":{"index":"index","follow":"follow","max-snippet":"max-snippet:-1","max-image-preview":"max-image-preview:large","max-video-preview":"max-video-preview:-1"},"canonical":"https:\/\/www.launchworks.co\/fr\/a-propos\/francois-coumau\/","og_locale":"fr_FR","og_type":"article","og_title":"Fran\u00e7ois Coumau est Expert Branding & Scaling chez Launchworks & Co","og_description":"Fran\u00e7ois Coumau aime les marques et s'est sp\u00e9cialis\u00e9 dans la lib\u00e9ration de leur potentiel par l'application m\u00e9thodique de l'expertise num\u00e9rique. Form\u00e9 en marketing de marque chez L'Or\u00e9al et Mars, il a ensuite occup\u00e9 des postes internationaux senior chez eBay et plus r\u00e9cemment chez Immediate Media, le principal \u00e9diteur de magazines du Royaume-Uni.","og_url":"https:\/\/www.launchworks.co\/fr\/a-propos\/francois-coumau\/","og_site_name":"Launchworks Ventures Ltd.","article_modified_time":"2022-01-20T17:07:29+00:00","og_image":[{"width":450,"height":450,"url":"https:\/\/www.launchworks.co\/wp-content\/uploads\/2018\/01\/Francois-Regis-Caumau-BW.png","type":"image\/png"}],"twitter_card":"summary_large_image","twitter_site":"@LaunchworksV","twitter_misc":{"Dur\u00e9e de lecture estim\u00e9e":"2 minutes"},"schema":{"@context":"https:\/\/schema.org","@graph":[{"@type":"WebPage","@id":"https:\/\/www.launchworks.co\/fr\/a-propos\/francois-coumau\/","url":"https:\/\/www.launchworks.co\/fr\/a-propos\/francois-coumau\/","name":"Fran\u00e7ois Coumau est Expert Branding & Scaling chez Launchworks & Co","isPartOf":{"@id":"https:\/\/www.launchworks.co\/fr\/#website"},"primaryImageOfPage":{"@id":"https:\/\/www.launchworks.co\/fr\/a-propos\/francois-coumau\/#primaryimage"},"image":{"@id":"https:\/\/www.launchworks.co\/fr\/a-propos\/francois-coumau\/#primaryimage"},"thumbnailUrl":"https:\/\/www.launchworks.co\/wp-content\/uploads\/2018\/01\/Francois-Regis-Caumau-BW.png","datePublished":"2021-12-21T13:14:32+00:00","dateModified":"2022-01-20T17:07:29+00:00","description":"Fran\u00e7ois Coumau aime les marques et s'est sp\u00e9cialis\u00e9 dans la lib\u00e9ration de leur potentiel par l'application m\u00e9thodique de l'expertise num\u00e9rique. Form\u00e9 en marketing de marque chez L'Or\u00e9al et Mars, il a ensuite occup\u00e9 des postes internationaux senior chez eBay et plus r\u00e9cemment chez Immediate Media, le principal \u00e9diteur de magazines du Royaume-Uni.","breadcrumb":{"@id":"https:\/\/www.launchworks.co\/fr\/a-propos\/francois-coumau\/#breadcrumb"},"inLanguage":"fr-FR","potentialAction":[{"@type":"ReadAction","target":["https:\/\/www.launchworks.co\/fr\/a-propos\/francois-coumau\/"]}]},{"@type":"ImageObject","inLanguage":"fr-FR","@id":"https:\/\/www.launchworks.co\/fr\/a-propos\/francois-coumau\/#primaryimage","url":"https:\/\/www.launchworks.co\/wp-content\/uploads\/2018\/01\/Francois-Regis-Caumau-BW.png","contentUrl":"https:\/\/www.launchworks.co\/wp-content\/uploads\/2018\/01\/Francois-Regis-Caumau-BW.png","width":450,"height":450},{"@type":"BreadcrumbList","@id":"https:\/\/www.launchworks.co\/fr\/a-propos\/francois-coumau\/#breadcrumb","itemListElement":[{"@type":"ListItem","position":1,"name":"Home","item":"https:\/\/www.launchworks.co\/fr\/"},{"@type":"ListItem","position":2,"name":"A propos","item":"https:\/\/www.launchworks.co\/fr\/a-propos\/"},{"@type":"ListItem","position":3,"name":"Fran\u00e7ois Coumau"}]},{"@type":"WebSite","@id":"https:\/\/www.launchworks.co\/fr\/#website","url":"https:\/\/www.launchworks.co\/fr\/","name":"Launchworks Ventures Ltd.","description":"","potentialAction":[{"@type":"SearchAction","target":{"@type":"EntryPoint","urlTemplate":"https:\/\/www.launchworks.co\/fr\/?s={search_term_string}"},"query-input":{"@type":"PropertyValueSpecification","valueRequired":true,"valueName":"search_term_string"}}],"inLanguage":"fr-FR"}]}},"_links":{"self":[{"href":"https:\/\/www.launchworks.co\/fr\/wp-json\/wp\/v2\/pages\/10727","targetHints":{"allow":["GET"]}}],"collection":[{"href":"https:\/\/www.launchworks.co\/fr\/wp-json\/wp\/v2\/pages"}],"about":[{"href":"https:\/\/www.launchworks.co\/fr\/wp-json\/wp\/v2\/types\/page"}],"author":[{"embeddable":true,"href":"https:\/\/www.launchworks.co\/fr\/wp-json\/wp\/v2\/users\/2"}],"replies":[{"embeddable":true,"href":"https:\/\/www.launchworks.co\/fr\/wp-json\/wp\/v2\/comments?post=10727"}],"version-history":[{"count":5,"href":"https:\/\/www.launchworks.co\/fr\/wp-json\/wp\/v2\/pages\/10727\/revisions"}],"predecessor-version":[{"id":11308,"href":"https:\/\/www.launchworks.co\/fr\/wp-json\/wp\/v2\/pages\/10727\/revisions\/11308"}],"up":[{"embeddable":true,"href":"https:\/\/www.launchworks.co\/fr\/wp-json\/wp\/v2\/pages\/10732"}],"wp:featuredmedia":[{"embeddable":true,"href":"https:\/\/www.launchworks.co\/fr\/wp-json\/wp\/v2\/media\/10301"}],"wp:attachment":[{"href":"https:\/\/www.launchworks.co\/fr\/wp-json\/wp\/v2\/media?parent=10727"}],"curies":[{"name":"wp","href":"https:\/\/api.w.org\/{rel}","templated":true}]}}