{"id":10732,"date":"2021-12-21T13:34:43","date_gmt":"2021-12-21T13:34:43","guid":{"rendered":"https:\/\/www.launchworks.co\/a-propos\/"},"modified":"2024-04-20T22:34:06","modified_gmt":"2024-04-20T22:34:06","slug":"a-propos","status":"publish","type":"page","link":"https:\/\/www.launchworks.co\/fr\/a-propos\/","title":{"rendered":"A propos"},"content":{"rendered":"","protected":false},"excerpt":{"rendered":"<p><a class=\"read-more\" href=\"https:\/\/www.launchworks.co\/fr\/a-propos\/\">Read More<\/a><\/p>\n","protected":false},"author":3,"featured_media":0,"parent":0,"menu_order":0,"comment_status":"closed","ping_status":"closed","template":"page-launchworks-about.php","meta":{"_acf_changed":false,"content-type":"","footnotes":""},"class_list":["post-10732","page","type-page","status-publish","hentry"],"acf":[],"yoast_head":"<!-- This site is optimized with the Yoast SEO Premium plugin v27.3 (Yoast SEO v27.2) - https:\/\/yoast.com\/product\/yoast-seo-premium-wordpress\/ -->\n<title>A propos de Launchworks &amp; Co, les experts des plateformes<\/title>\n<meta name=\"description\" content=\"Launchworks &amp; Co est un cabinet d&#039;experts en plateformes, places de march\u00e9, app stores et \u00e9cosyst\u00e8mes digitaux.\" \/>\n<meta name=\"robots\" content=\"index, follow, max-snippet:-1, max-image-preview:large, max-video-preview:-1\" \/>\n<link rel=\"canonical\" href=\"https:\/\/www.launchworks.co\/fr\/a-propos\/\" \/>\n<meta property=\"og:locale\" content=\"fr_FR\" \/>\n<meta property=\"og:type\" content=\"article\" \/>\n<meta property=\"og:title\" content=\"A propos de Launchworks &amp; Co, les experts des plateformes\" \/>\n<meta property=\"og:description\" content=\"Launchworks &amp; Co est un cabinet d&#039;experts en plateformes, places de march\u00e9, app stores et \u00e9cosyst\u00e8mes digitaux.\" \/>\n<meta property=\"og:url\" content=\"https:\/\/www.launchworks.co\/fr\/a-propos\/\" \/>\n<meta property=\"og:site_name\" content=\"Launchworks Ventures Ltd.\" \/>\n<meta property=\"article:modified_time\" content=\"2024-04-20T22:34:06+00:00\" \/>\n<meta name=\"twitter:card\" content=\"summary_large_image\" \/>\n<meta name=\"twitter:site\" content=\"@LaunchworksV\" \/>\n<script type=\"application\/ld+json\" class=\"yoast-schema-graph\">{\"@context\":\"https:\/\/schema.org\",\"@graph\":[{\"@type\":\"WebPage\",\"@id\":\"https:\/\/www.launchworks.co\/fr\/a-propos\/\",\"url\":\"https:\/\/www.launchworks.co\/fr\/a-propos\/\",\"name\":\"A propos de Launchworks & Co, les experts des plateformes\",\"isPartOf\":{\"@id\":\"https:\/\/www.launchworks.co\/fr\/#website\"},\"datePublished\":\"2021-12-21T13:34:43+00:00\",\"dateModified\":\"2024-04-20T22:34:06+00:00\",\"description\":\"Launchworks & Co est un cabinet d'experts en plateformes, places de march\u00e9, app stores et \u00e9cosyst\u00e8mes digitaux.\",\"breadcrumb\":{\"@id\":\"https:\/\/www.launchworks.co\/fr\/a-propos\/#breadcrumb\"},\"inLanguage\":\"fr-FR\",\"potentialAction\":[{\"@type\":\"ReadAction\",\"target\":[\"https:\/\/www.launchworks.co\/fr\/a-propos\/\"]}]},{\"@type\":\"BreadcrumbList\",\"@id\":\"https:\/\/www.launchworks.co\/fr\/a-propos\/#breadcrumb\",\"itemListElement\":[{\"@type\":\"ListItem\",\"position\":1,\"name\":\"Home\",\"item\":\"https:\/\/www.launchworks.co\/fr\/\"},{\"@type\":\"ListItem\",\"position\":2,\"name\":\"A propos\"}]},{\"@type\":\"WebSite\",\"@id\":\"https:\/\/www.launchworks.co\/fr\/#website\",\"url\":\"https:\/\/www.launchworks.co\/fr\/\",\"name\":\"Launchworks Ventures Ltd.\",\"description\":\"\",\"potentialAction\":[{\"@type\":\"SearchAction\",\"target\":{\"@type\":\"EntryPoint\",\"urlTemplate\":\"https:\/\/www.launchworks.co\/fr\/?s={search_term_string}\"},\"query-input\":{\"@type\":\"PropertyValueSpecification\",\"valueRequired\":true,\"valueName\":\"search_term_string\"}}],\"inLanguage\":\"fr-FR\"}]}<\/script>\n<!-- \/ Yoast SEO Premium plugin. -->","yoast_head_json":{"title":"A propos de Launchworks & Co, les experts des plateformes","description":"Launchworks & Co est un cabinet d'experts en plateformes, places de march\u00e9, app stores et \u00e9cosyst\u00e8mes digitaux.","robots":{"index":"index","follow":"follow","max-snippet":"max-snippet:-1","max-image-preview":"max-image-preview:large","max-video-preview":"max-video-preview:-1"},"canonical":"https:\/\/www.launchworks.co\/fr\/a-propos\/","og_locale":"fr_FR","og_type":"article","og_title":"A propos de Launchworks & Co, les experts des plateformes","og_description":"Launchworks & Co est un cabinet d'experts en plateformes, places de march\u00e9, app stores et \u00e9cosyst\u00e8mes digitaux.","og_url":"https:\/\/www.launchworks.co\/fr\/a-propos\/","og_site_name":"Launchworks Ventures Ltd.","article_modified_time":"2024-04-20T22:34:06+00:00","twitter_card":"summary_large_image","twitter_site":"@LaunchworksV","schema":{"@context":"https:\/\/schema.org","@graph":[{"@type":"WebPage","@id":"https:\/\/www.launchworks.co\/fr\/a-propos\/","url":"https:\/\/www.launchworks.co\/fr\/a-propos\/","name":"A propos de Launchworks & Co, les experts des plateformes","isPartOf":{"@id":"https:\/\/www.launchworks.co\/fr\/#website"},"datePublished":"2021-12-21T13:34:43+00:00","dateModified":"2024-04-20T22:34:06+00:00","description":"Launchworks & Co est un cabinet d'experts en plateformes, places de march\u00e9, app stores et \u00e9cosyst\u00e8mes digitaux.","breadcrumb":{"@id":"https:\/\/www.launchworks.co\/fr\/a-propos\/#breadcrumb"},"inLanguage":"fr-FR","potentialAction":[{"@type":"ReadAction","target":["https:\/\/www.launchworks.co\/fr\/a-propos\/"]}]},{"@type":"BreadcrumbList","@id":"https:\/\/www.launchworks.co\/fr\/a-propos\/#breadcrumb","itemListElement":[{"@type":"ListItem","position":1,"name":"Home","item":"https:\/\/www.launchworks.co\/fr\/"},{"@type":"ListItem","position":2,"name":"A propos"}]},{"@type":"WebSite","@id":"https:\/\/www.launchworks.co\/fr\/#website","url":"https:\/\/www.launchworks.co\/fr\/","name":"Launchworks Ventures Ltd.","description":"","potentialAction":[{"@type":"SearchAction","target":{"@type":"EntryPoint","urlTemplate":"https:\/\/www.launchworks.co\/fr\/?s={search_term_string}"},"query-input":{"@type":"PropertyValueSpecification","valueRequired":true,"valueName":"search_term_string"}}],"inLanguage":"fr-FR"}]}},"_links":{"self":[{"href":"https:\/\/www.launchworks.co\/fr\/wp-json\/wp\/v2\/pages\/10732","targetHints":{"allow":["GET"]}}],"collection":[{"href":"https:\/\/www.launchworks.co\/fr\/wp-json\/wp\/v2\/pages"}],"about":[{"href":"https:\/\/www.launchworks.co\/fr\/wp-json\/wp\/v2\/types\/page"}],"author":[{"embeddable":true,"href":"https:\/\/www.launchworks.co\/fr\/wp-json\/wp\/v2\/users\/3"}],"replies":[{"embeddable":true,"href":"https:\/\/www.launchworks.co\/fr\/wp-json\/wp\/v2\/comments?post=10732"}],"version-history":[{"count":6,"href":"https:\/\/www.launchworks.co\/fr\/wp-json\/wp\/v2\/pages\/10732\/revisions"}],"predecessor-version":[{"id":13198,"href":"https:\/\/www.launchworks.co\/fr\/wp-json\/wp\/v2\/pages\/10732\/revisions\/13198"}],"wp:attachment":[{"href":"https:\/\/www.launchworks.co\/fr\/wp-json\/wp\/v2\/media?parent=10732"}],"curies":[{"name":"wp","href":"https:\/\/api.w.org\/{rel}","templated":true}]}}