{"id":10750,"date":"2021-12-21T14:01:35","date_gmt":"2021-12-21T14:01:35","guid":{"rendered":"https:\/\/www.launchworks.co\/sante-et-pharmacie\/"},"modified":"2022-01-20T21:29:43","modified_gmt":"2022-01-20T21:29:43","slug":"sante-et-pharmacie","status":"publish","type":"page","link":"https:\/\/www.launchworks.co\/fr\/nos-clients\/sante-et-pharmacie\/","title":{"rendered":"Sant\u00e9 et pharma"},"content":{"rendered":"","protected":false},"excerpt":{"rendered":"<p>Launchworks conseille les groupes de m\u00e9dias sur leur strat\u00e9gie d&rsquo;entr\u00e9e sur le march\u00e9, la transition vers des mod\u00e8les de livraison en ligne, l&rsquo;exploitation des analyses de \u00abbig data\u00bb.&hellip; <a class=\"read-more\" href=\"https:\/\/www.launchworks.co\/fr\/nos-clients\/sante-et-pharmacie\/\">Read More<\/a><\/p>\n","protected":false},"author":3,"featured_media":0,"parent":10762,"menu_order":0,"comment_status":"closed","ping_status":"closed","template":"page-launchworks-services.php","meta":{"_acf_changed":false,"content-type":"","footnotes":""},"class_list":["post-10750","page","type-page","status-publish","hentry"],"acf":[],"yoast_head":"<!-- This site is optimized with the Yoast SEO Premium plugin v27.5 (Yoast SEO v27.5) - https:\/\/yoast.com\/product\/yoast-seo-premium-wordpress\/ -->\n<title>Sant\u00e9 &amp; Pharma - Launchworks<\/title>\n<meta name=\"description\" content=\"Launchworks &amp; Co a une longue exp\u00e9rience dans la conception, le lancement et la mise \u00e0 l&#039;\u00e9chelle de plateformes pour des clients des secteurs de la sant\u00e9 et de la pharmacie .\" \/>\n<meta name=\"robots\" content=\"index, follow, max-snippet:-1, max-image-preview:large, max-video-preview:-1\" \/>\n<link rel=\"canonical\" href=\"https:\/\/www.launchworks.co\/fr\/nos-clients\/sante-et-pharmacie\/\" \/>\n<meta property=\"og:locale\" content=\"fr_FR\" \/>\n<meta property=\"og:type\" content=\"article\" \/>\n<meta property=\"og:title\" content=\"Sant\u00e9 et pharma\" \/>\n<meta property=\"og:description\" content=\"Launchworks conseille les groupes de m\u00e9dias sur leur strat\u00e9gie d&#039;entr\u00e9e sur le march\u00e9, la transition vers des mod\u00e8les de livraison en ligne, l&#039;exploitation des analyses de \u00abbig data\u00bb.\" \/>\n<meta property=\"og:url\" content=\"https:\/\/www.launchworks.co\/fr\/nos-clients\/sante-et-pharmacie\/\" \/>\n<meta property=\"og:site_name\" content=\"Launchworks Ventures Ltd.\" \/>\n<meta property=\"article:modified_time\" content=\"2022-01-20T21:29:43+00:00\" \/>\n<meta name=\"twitter:card\" content=\"summary_large_image\" \/>\n<meta name=\"twitter:site\" content=\"@LaunchworksV\" \/>\n<script type=\"application\/ld+json\" class=\"yoast-schema-graph\">{\"@context\":\"https:\\\/\\\/schema.org\",\"@graph\":[{\"@type\":\"WebPage\",\"@id\":\"https:\\\/\\\/www.launchworks.co\\\/fr\\\/nos-clients\\\/sante-et-pharmacie\\\/\",\"url\":\"https:\\\/\\\/www.launchworks.co\\\/fr\\\/nos-clients\\\/sante-et-pharmacie\\\/\",\"name\":\"Sant\u00e9 & Pharma - Launchworks\",\"isPartOf\":{\"@id\":\"https:\\\/\\\/www.launchworks.co\\\/fr\\\/#website\"},\"datePublished\":\"2021-12-21T14:01:35+00:00\",\"dateModified\":\"2022-01-20T21:29:43+00:00\",\"description\":\"Launchworks & Co a une longue exp\u00e9rience dans la conception, le lancement et la mise \u00e0 l'\u00e9chelle de plateformes pour des clients des secteurs de la sant\u00e9 et de la pharmacie .\",\"breadcrumb\":{\"@id\":\"https:\\\/\\\/www.launchworks.co\\\/fr\\\/nos-clients\\\/sante-et-pharmacie\\\/#breadcrumb\"},\"inLanguage\":\"fr-FR\",\"potentialAction\":[{\"@type\":\"ReadAction\",\"target\":[\"https:\\\/\\\/www.launchworks.co\\\/fr\\\/nos-clients\\\/sante-et-pharmacie\\\/\"]}]},{\"@type\":\"BreadcrumbList\",\"@id\":\"https:\\\/\\\/www.launchworks.co\\\/fr\\\/nos-clients\\\/sante-et-pharmacie\\\/#breadcrumb\",\"itemListElement\":[{\"@type\":\"ListItem\",\"position\":1,\"name\":\"Home\",\"item\":\"https:\\\/\\\/www.launchworks.co\\\/fr\\\/\"},{\"@type\":\"ListItem\",\"position\":2,\"name\":\"Nos clients\",\"item\":\"https:\\\/\\\/www.launchworks.co\\\/fr\\\/nos-clients\\\/\"},{\"@type\":\"ListItem\",\"position\":3,\"name\":\"Sant\u00e9 et pharma\"}]},{\"@type\":\"WebSite\",\"@id\":\"https:\\\/\\\/www.launchworks.co\\\/fr\\\/#website\",\"url\":\"https:\\\/\\\/www.launchworks.co\\\/fr\\\/\",\"name\":\"Launchworks Ventures Ltd.\",\"description\":\"\",\"potentialAction\":[{\"@type\":\"SearchAction\",\"target\":{\"@type\":\"EntryPoint\",\"urlTemplate\":\"https:\\\/\\\/www.launchworks.co\\\/fr\\\/?s={search_term_string}\"},\"query-input\":{\"@type\":\"PropertyValueSpecification\",\"valueRequired\":true,\"valueName\":\"search_term_string\"}}],\"inLanguage\":\"fr-FR\"}]}<\/script>\n<!-- \/ Yoast SEO Premium plugin. -->","yoast_head_json":{"title":"Sant\u00e9 & Pharma - Launchworks","description":"Launchworks & Co a une longue exp\u00e9rience dans la conception, le lancement et la mise \u00e0 l'\u00e9chelle de plateformes pour des clients des secteurs de la sant\u00e9 et de la pharmacie .","robots":{"index":"index","follow":"follow","max-snippet":"max-snippet:-1","max-image-preview":"max-image-preview:large","max-video-preview":"max-video-preview:-1"},"canonical":"https:\/\/www.launchworks.co\/fr\/nos-clients\/sante-et-pharmacie\/","og_locale":"fr_FR","og_type":"article","og_title":"Sant\u00e9 et pharma","og_description":"Launchworks conseille les groupes de m\u00e9dias sur leur strat\u00e9gie d'entr\u00e9e sur le march\u00e9, la transition vers des mod\u00e8les de livraison en ligne, l'exploitation des analyses de \u00abbig data\u00bb.","og_url":"https:\/\/www.launchworks.co\/fr\/nos-clients\/sante-et-pharmacie\/","og_site_name":"Launchworks Ventures Ltd.","article_modified_time":"2022-01-20T21:29:43+00:00","twitter_card":"summary_large_image","twitter_site":"@LaunchworksV","schema":{"@context":"https:\/\/schema.org","@graph":[{"@type":"WebPage","@id":"https:\/\/www.launchworks.co\/fr\/nos-clients\/sante-et-pharmacie\/","url":"https:\/\/www.launchworks.co\/fr\/nos-clients\/sante-et-pharmacie\/","name":"Sant\u00e9 & Pharma - Launchworks","isPartOf":{"@id":"https:\/\/www.launchworks.co\/fr\/#website"},"datePublished":"2021-12-21T14:01:35+00:00","dateModified":"2022-01-20T21:29:43+00:00","description":"Launchworks & Co a une longue exp\u00e9rience dans la conception, le lancement et la mise \u00e0 l'\u00e9chelle de plateformes pour des clients des secteurs de la sant\u00e9 et de la pharmacie .","breadcrumb":{"@id":"https:\/\/www.launchworks.co\/fr\/nos-clients\/sante-et-pharmacie\/#breadcrumb"},"inLanguage":"fr-FR","potentialAction":[{"@type":"ReadAction","target":["https:\/\/www.launchworks.co\/fr\/nos-clients\/sante-et-pharmacie\/"]}]},{"@type":"BreadcrumbList","@id":"https:\/\/www.launchworks.co\/fr\/nos-clients\/sante-et-pharmacie\/#breadcrumb","itemListElement":[{"@type":"ListItem","position":1,"name":"Home","item":"https:\/\/www.launchworks.co\/fr\/"},{"@type":"ListItem","position":2,"name":"Nos clients","item":"https:\/\/www.launchworks.co\/fr\/nos-clients\/"},{"@type":"ListItem","position":3,"name":"Sant\u00e9 et pharma"}]},{"@type":"WebSite","@id":"https:\/\/www.launchworks.co\/fr\/#website","url":"https:\/\/www.launchworks.co\/fr\/","name":"Launchworks Ventures Ltd.","description":"","potentialAction":[{"@type":"SearchAction","target":{"@type":"EntryPoint","urlTemplate":"https:\/\/www.launchworks.co\/fr\/?s={search_term_string}"},"query-input":{"@type":"PropertyValueSpecification","valueRequired":true,"valueName":"search_term_string"}}],"inLanguage":"fr-FR"}]}},"_links":{"self":[{"href":"https:\/\/www.launchworks.co\/fr\/wp-json\/wp\/v2\/pages\/10750","targetHints":{"allow":["GET"]}}],"collection":[{"href":"https:\/\/www.launchworks.co\/fr\/wp-json\/wp\/v2\/pages"}],"about":[{"href":"https:\/\/www.launchworks.co\/fr\/wp-json\/wp\/v2\/types\/page"}],"author":[{"embeddable":true,"href":"https:\/\/www.launchworks.co\/fr\/wp-json\/wp\/v2\/users\/3"}],"replies":[{"embeddable":true,"href":"https:\/\/www.launchworks.co\/fr\/wp-json\/wp\/v2\/comments?post=10750"}],"version-history":[{"count":6,"href":"https:\/\/www.launchworks.co\/fr\/wp-json\/wp\/v2\/pages\/10750\/revisions"}],"predecessor-version":[{"id":11511,"href":"https:\/\/www.launchworks.co\/fr\/wp-json\/wp\/v2\/pages\/10750\/revisions\/11511"}],"up":[{"embeddable":true,"href":"https:\/\/www.launchworks.co\/fr\/wp-json\/wp\/v2\/pages\/10762"}],"wp:attachment":[{"href":"https:\/\/www.launchworks.co\/fr\/wp-json\/wp\/v2\/media?parent=10750"}],"curies":[{"name":"wp","href":"https:\/\/api.w.org\/{rel}","templated":true}]}}