{"id":10762,"date":"2021-12-21T14:17:11","date_gmt":"2021-12-21T14:17:11","guid":{"rendered":"https:\/\/www.launchworks.co\/nos-clients\/"},"modified":"2022-01-20T18:44:46","modified_gmt":"2022-01-20T18:44:46","slug":"nos-clients","status":"publish","type":"page","link":"https:\/\/www.launchworks.co\/fr\/nos-clients\/","title":{"rendered":"Nos clients"},"content":{"rendered":"","protected":false},"excerpt":{"rendered":"<p><a class=\"read-more\" href=\"https:\/\/www.launchworks.co\/fr\/nos-clients\/\">Read More<\/a><\/p>\n","protected":false},"author":7,"featured_media":0,"parent":0,"menu_order":0,"comment_status":"closed","ping_status":"closed","template":"page-launchworks-whoweworkwith.php","meta":{"_acf_changed":false,"content-type":"","footnotes":""},"class_list":["post-10762","page","type-page","status-publish","hentry"],"acf":[],"yoast_head":"<!-- This site is optimized with the Yoast SEO Premium plugin v27.5 (Yoast SEO v27.5) - https:\/\/yoast.com\/product\/yoast-seo-premium-wordpress\/ -->\n<title>Nos clients - Launchworks Ventures Ltd.<\/title>\n<meta name=\"description\" content=\"Nos clients sont issus d&#039;industries, de zones g\u00e9ographiques et de secteurs vari\u00e9s. Quel que soit le contexte, tous veulent lib\u00e9rer le pouvoir des communaut\u00e9s et des \u00e9cosyst\u00e8mes pour acc\u00e9l\u00e9rer leur croissance.\" \/>\n<meta name=\"robots\" content=\"index, follow, max-snippet:-1, max-image-preview:large, max-video-preview:-1\" \/>\n<link rel=\"canonical\" href=\"https:\/\/www.launchworks.co\/fr\/nos-clients\/\" \/>\n<meta property=\"og:locale\" content=\"fr_FR\" \/>\n<meta property=\"og:type\" content=\"article\" \/>\n<meta property=\"og:title\" content=\"Nos clients\" \/>\n<meta property=\"og:url\" content=\"https:\/\/www.launchworks.co\/fr\/nos-clients\/\" \/>\n<meta property=\"og:site_name\" content=\"Launchworks Ventures Ltd.\" \/>\n<meta property=\"article:modified_time\" content=\"2022-01-20T18:44:46+00:00\" \/>\n<meta name=\"twitter:card\" content=\"summary_large_image\" \/>\n<meta name=\"twitter:site\" content=\"@LaunchworksV\" \/>\n<script type=\"application\/ld+json\" class=\"yoast-schema-graph\">{\"@context\":\"https:\\\/\\\/schema.org\",\"@graph\":[{\"@type\":\"WebPage\",\"@id\":\"https:\\\/\\\/www.launchworks.co\\\/fr\\\/nos-clients\\\/\",\"url\":\"https:\\\/\\\/www.launchworks.co\\\/fr\\\/nos-clients\\\/\",\"name\":\"Nos clients - Launchworks Ventures Ltd.\",\"isPartOf\":{\"@id\":\"https:\\\/\\\/www.launchworks.co\\\/fr\\\/#website\"},\"datePublished\":\"2021-12-21T14:17:11+00:00\",\"dateModified\":\"2022-01-20T18:44:46+00:00\",\"description\":\"Nos clients sont issus d'industries, de zones g\u00e9ographiques et de secteurs vari\u00e9s. Quel que soit le contexte, tous veulent lib\u00e9rer le pouvoir des communaut\u00e9s et des \u00e9cosyst\u00e8mes pour acc\u00e9l\u00e9rer leur croissance.\",\"breadcrumb\":{\"@id\":\"https:\\\/\\\/www.launchworks.co\\\/fr\\\/nos-clients\\\/#breadcrumb\"},\"inLanguage\":\"fr-FR\",\"potentialAction\":[{\"@type\":\"ReadAction\",\"target\":[\"https:\\\/\\\/www.launchworks.co\\\/fr\\\/nos-clients\\\/\"]}]},{\"@type\":\"BreadcrumbList\",\"@id\":\"https:\\\/\\\/www.launchworks.co\\\/fr\\\/nos-clients\\\/#breadcrumb\",\"itemListElement\":[{\"@type\":\"ListItem\",\"position\":1,\"name\":\"Home\",\"item\":\"https:\\\/\\\/www.launchworks.co\\\/fr\\\/\"},{\"@type\":\"ListItem\",\"position\":2,\"name\":\"Nos clients\"}]},{\"@type\":\"WebSite\",\"@id\":\"https:\\\/\\\/www.launchworks.co\\\/fr\\\/#website\",\"url\":\"https:\\\/\\\/www.launchworks.co\\\/fr\\\/\",\"name\":\"Launchworks Ventures Ltd.\",\"description\":\"\",\"potentialAction\":[{\"@type\":\"SearchAction\",\"target\":{\"@type\":\"EntryPoint\",\"urlTemplate\":\"https:\\\/\\\/www.launchworks.co\\\/fr\\\/?s={search_term_string}\"},\"query-input\":{\"@type\":\"PropertyValueSpecification\",\"valueRequired\":true,\"valueName\":\"search_term_string\"}}],\"inLanguage\":\"fr-FR\"}]}<\/script>\n<!-- \/ Yoast SEO Premium plugin. -->","yoast_head_json":{"title":"Nos clients - Launchworks Ventures Ltd.","description":"Nos clients sont issus d'industries, de zones g\u00e9ographiques et de secteurs vari\u00e9s. Quel que soit le contexte, tous veulent lib\u00e9rer le pouvoir des communaut\u00e9s et des \u00e9cosyst\u00e8mes pour acc\u00e9l\u00e9rer leur croissance.","robots":{"index":"index","follow":"follow","max-snippet":"max-snippet:-1","max-image-preview":"max-image-preview:large","max-video-preview":"max-video-preview:-1"},"canonical":"https:\/\/www.launchworks.co\/fr\/nos-clients\/","og_locale":"fr_FR","og_type":"article","og_title":"Nos clients","og_url":"https:\/\/www.launchworks.co\/fr\/nos-clients\/","og_site_name":"Launchworks Ventures Ltd.","article_modified_time":"2022-01-20T18:44:46+00:00","twitter_card":"summary_large_image","twitter_site":"@LaunchworksV","schema":{"@context":"https:\/\/schema.org","@graph":[{"@type":"WebPage","@id":"https:\/\/www.launchworks.co\/fr\/nos-clients\/","url":"https:\/\/www.launchworks.co\/fr\/nos-clients\/","name":"Nos clients - Launchworks Ventures Ltd.","isPartOf":{"@id":"https:\/\/www.launchworks.co\/fr\/#website"},"datePublished":"2021-12-21T14:17:11+00:00","dateModified":"2022-01-20T18:44:46+00:00","description":"Nos clients sont issus d'industries, de zones g\u00e9ographiques et de secteurs vari\u00e9s. Quel que soit le contexte, tous veulent lib\u00e9rer le pouvoir des communaut\u00e9s et des \u00e9cosyst\u00e8mes pour acc\u00e9l\u00e9rer leur croissance.","breadcrumb":{"@id":"https:\/\/www.launchworks.co\/fr\/nos-clients\/#breadcrumb"},"inLanguage":"fr-FR","potentialAction":[{"@type":"ReadAction","target":["https:\/\/www.launchworks.co\/fr\/nos-clients\/"]}]},{"@type":"BreadcrumbList","@id":"https:\/\/www.launchworks.co\/fr\/nos-clients\/#breadcrumb","itemListElement":[{"@type":"ListItem","position":1,"name":"Home","item":"https:\/\/www.launchworks.co\/fr\/"},{"@type":"ListItem","position":2,"name":"Nos clients"}]},{"@type":"WebSite","@id":"https:\/\/www.launchworks.co\/fr\/#website","url":"https:\/\/www.launchworks.co\/fr\/","name":"Launchworks Ventures Ltd.","description":"","potentialAction":[{"@type":"SearchAction","target":{"@type":"EntryPoint","urlTemplate":"https:\/\/www.launchworks.co\/fr\/?s={search_term_string}"},"query-input":{"@type":"PropertyValueSpecification","valueRequired":true,"valueName":"search_term_string"}}],"inLanguage":"fr-FR"}]}},"_links":{"self":[{"href":"https:\/\/www.launchworks.co\/fr\/wp-json\/wp\/v2\/pages\/10762","targetHints":{"allow":["GET"]}}],"collection":[{"href":"https:\/\/www.launchworks.co\/fr\/wp-json\/wp\/v2\/pages"}],"about":[{"href":"https:\/\/www.launchworks.co\/fr\/wp-json\/wp\/v2\/types\/page"}],"author":[{"embeddable":true,"href":"https:\/\/www.launchworks.co\/fr\/wp-json\/wp\/v2\/users\/7"}],"replies":[{"embeddable":true,"href":"https:\/\/www.launchworks.co\/fr\/wp-json\/wp\/v2\/comments?post=10762"}],"version-history":[{"count":5,"href":"https:\/\/www.launchworks.co\/fr\/wp-json\/wp\/v2\/pages\/10762\/revisions"}],"predecessor-version":[{"id":11472,"href":"https:\/\/www.launchworks.co\/fr\/wp-json\/wp\/v2\/pages\/10762\/revisions\/11472"}],"wp:attachment":[{"href":"https:\/\/www.launchworks.co\/fr\/wp-json\/wp\/v2\/media?parent=10762"}],"curies":[{"name":"wp","href":"https:\/\/api.w.org\/{rel}","templated":true}]}}