{"id":10770,"date":"2021-12-21T16:59:32","date_gmt":"2021-12-21T16:59:32","guid":{"rendered":"https:\/\/www.launchworks.co\/a-propos\/benoit-reillier\/"},"modified":"2024-03-08T19:04:05","modified_gmt":"2024-03-08T19:04:05","slug":"benoit-reillier","status":"publish","type":"page","link":"https:\/\/www.launchworks.co\/fr\/a-propos\/benoit-reillier\/","title":{"rendered":"Benoit Reillier"},"content":{"rendered":"<p>Benoit Reillier est directeur g\u00e9n\u00e9ral et fondateur de Launchworks &amp; Co. Il est sp\u00e9cialis\u00e9 dans la strat\u00e9gie, la formation et les mod\u00e8les \u00e9conomiques et \u00e9cosyst\u00e8mes innovants tels que les plateformes multifaces. Il a conseill\u00e9 les conseils d&rsquo;administration et les \u00e9quipes de direction de nombreuses soci\u00e9t\u00e9s internationales de premier plan ainsi que des r\u00e9gulateurs et des gouvernements au cours des 20 derni\u00e8res ann\u00e9es.<\/p>\n<p>Avant de fonder Launchworks &amp; Co, Benoit \u00e9tait directeur chez KPMG o\u00f9 il s&rsquo;est concentr\u00e9 sur des missions strat\u00e9giques globales pour des clients op\u00e9rant dans les t\u00e9l\u00e9communications, les m\u00e9dias et la technologie.<\/p>\n<p>Benoit \u00e9tait auparavant directeur de la practice TMT du cabinet d&rsquo;experts LECG Europe (aujourd&rsquo;hui FTI) et a \u00e9galement travaill\u00e9 comme directeur du d\u00e9veloppement commercial de Telia Mobile International UK, le premier groupe scandinave de t\u00e9l\u00e9communications.<\/p>\n<p>Tout au long de sa carri\u00e8re, Benoit a eu l&rsquo;opportunit\u00e9 de travailler et de diriger des missions strat\u00e9giques cl\u00e9s qui ont fa\u00e7onn\u00e9 le secteur des t\u00e9l\u00e9communications. Il a jou\u00e9 un r\u00f4le d\u00e9terminant dans le d\u00e9veloppement de cadres r\u00e9glementaires d&rsquo;un certain nombre de pays et a particip\u00e9 \u00e0 des missions strat\u00e9giques \u00e0 grande \u00e9chelle menant \u00e0 la s\u00e9paration (ou la fusion) d&rsquo;activit\u00e9s. Benoit est \u00e9galement intervenu en tant qu&rsquo;expert dans le cadre de plusieurs litiges et arbitrages portant sur plusieurs milliards de dollars.<\/p>\n<p>Benoit a d\u00e9but\u00e9 sa carri\u00e8re sous l&rsquo;\u00e9gide du gouvernement fran\u00e7ais en tant que conseiller sp\u00e9cial sur les questions li\u00e9es aux t\u00e9l\u00e9coms et faisait partie de l&rsquo;\u00e9quipe pr\u00e9parant la lib\u00e9ralisation du secteur des t\u00e9l\u00e9coms fran\u00e7ais dans les ann\u00e9es 90.<\/p>\n<p>Benoit a enseign\u00e9 la r\u00e9glementation dans le secteur des t\u00e9l\u00e9communications au sein du r\u00e9gulateur britannique Ofcom et est conf\u00e9rencier \u00e0 l&rsquo;ESCP Europe. Il est un analyste reconnu de l&rsquo;industrie et contribue \u00e0 de nombreuses publications sp\u00e9cialis\u00e9es.<\/p>\n<p>Il est titulaire d&rsquo;un MSc en sciences de gestion, d&rsquo;un Master de l&rsquo;IMT Business School \u00e0 Paris, d&rsquo;une ma\u00eetrise en \u00e9conomie \/ droit de la concurrence du King&rsquo;s College ainsi que des MBA de la London Business School et de l&rsquo;Universit\u00e9 de Columbia \u00e0 New York.<\/p>\n","protected":false},"excerpt":{"rendered":"<p>Benoit Reillier est directeur g\u00e9n\u00e9ral et fondateur de Launchworks &amp; Co. Il est sp\u00e9cialis\u00e9 dans la strat\u00e9gie, la formation et les mod\u00e8les \u00e9conomiques et \u00e9cosyst\u00e8mes innovants tels que les plateformes multifaces. Il a conseill\u00e9 les conseils d&rsquo;administration et les \u00e9quipes de direction de nombreuses soci\u00e9t\u00e9s internationales de premier plan ainsi que des r\u00e9gulateurs et des&hellip; <a class=\"read-more\" href=\"https:\/\/www.launchworks.co\/fr\/a-propos\/benoit-reillier\/\">Read More<\/a><\/p>\n","protected":false},"author":3,"featured_media":13183,"parent":10732,"menu_order":0,"comment_status":"closed","ping_status":"closed","template":"page-launchworks-team-member.php","meta":{"_acf_changed":false,"content-type":"","footnotes":""},"class_list":["post-10770","page","type-page","status-publish","has-post-thumbnail","hentry"],"acf":[],"yoast_head":"<!-- This site is optimized with the Yoast SEO Premium plugin v27.3 (Yoast SEO v27.2) - https:\/\/yoast.com\/product\/yoast-seo-premium-wordpress\/ -->\n<title>Benoit Reillier est Fondateur et Directeur G\u00e9n\u00e9ral de Launchworks &amp; Co<\/title>\n<meta name=\"description\" content=\"Benoit Reillier est directeur g\u00e9n\u00e9ral et fondateur de Launchworks &amp; Co. Benoit poss\u00e8de une expertise approfondie en strat\u00e9gie de plateforme et en r\u00e9gulation de plateforme. Il est le co-auteur de Platform Strategy: How to Unlock the Power of Communities and Platforms to Grow your Business.\" \/>\n<meta name=\"robots\" content=\"index, follow, max-snippet:-1, max-image-preview:large, max-video-preview:-1\" \/>\n<link rel=\"canonical\" href=\"https:\/\/www.launchworks.co\/fr\/a-propos\/benoit-reillier\/\" \/>\n<meta property=\"og:locale\" content=\"fr_FR\" \/>\n<meta property=\"og:type\" content=\"article\" \/>\n<meta property=\"og:title\" content=\"Benoit Reillier est Fondateur et Directeur G\u00e9n\u00e9ral de Launchworks &amp; Co\" \/>\n<meta property=\"og:description\" content=\"Benoit Reillier est directeur g\u00e9n\u00e9ral et fondateur de Launchworks &amp; Co. Benoit poss\u00e8de une expertise approfondie en strat\u00e9gie de plateforme et en r\u00e9gulation de plateforme. Il est le co-auteur de Platform Strategy: How to Unlock the Power of Communities and Platforms to Grow your Business.\" \/>\n<meta property=\"og:url\" content=\"https:\/\/www.launchworks.co\/fr\/a-propos\/benoit-reillier\/\" \/>\n<meta property=\"og:site_name\" content=\"Launchworks Ventures Ltd.\" \/>\n<meta property=\"article:modified_time\" content=\"2024-03-08T19:04:05+00:00\" \/>\n<meta property=\"og:image\" content=\"https:\/\/www.launchworks.co\/wp-content\/uploads\/2024\/03\/Benoit-Reillier.png\" \/>\n\t<meta property=\"og:image:width\" content=\"450\" \/>\n\t<meta property=\"og:image:height\" content=\"450\" \/>\n\t<meta property=\"og:image:type\" content=\"image\/png\" \/>\n<meta name=\"twitter:card\" content=\"summary_large_image\" \/>\n<meta name=\"twitter:site\" content=\"@LaunchworksV\" \/>\n<meta name=\"twitter:label1\" content=\"Dur\u00e9e de lecture estim\u00e9e\" \/>\n\t<meta name=\"twitter:data1\" content=\"2 minutes\" \/>\n<script type=\"application\/ld+json\" class=\"yoast-schema-graph\">{\"@context\":\"https:\/\/schema.org\",\"@graph\":[{\"@type\":\"WebPage\",\"@id\":\"https:\/\/www.launchworks.co\/fr\/a-propos\/benoit-reillier\/\",\"url\":\"https:\/\/www.launchworks.co\/fr\/a-propos\/benoit-reillier\/\",\"name\":\"Benoit Reillier est Fondateur et Directeur G\u00e9n\u00e9ral de Launchworks & Co\",\"isPartOf\":{\"@id\":\"https:\/\/www.launchworks.co\/fr\/#website\"},\"primaryImageOfPage\":{\"@id\":\"https:\/\/www.launchworks.co\/fr\/a-propos\/benoit-reillier\/#primaryimage\"},\"image\":{\"@id\":\"https:\/\/www.launchworks.co\/fr\/a-propos\/benoit-reillier\/#primaryimage\"},\"thumbnailUrl\":\"https:\/\/www.launchworks.co\/wp-content\/uploads\/2024\/03\/Benoit-Reillier.png\",\"datePublished\":\"2021-12-21T16:59:32+00:00\",\"dateModified\":\"2024-03-08T19:04:05+00:00\",\"description\":\"Benoit Reillier est directeur g\u00e9n\u00e9ral et fondateur de Launchworks & Co. Benoit poss\u00e8de une expertise approfondie en strat\u00e9gie de plateforme et en r\u00e9gulation de plateforme. Il est le co-auteur de Platform Strategy: How to Unlock the Power of Communities and Platforms to Grow your Business.\",\"breadcrumb\":{\"@id\":\"https:\/\/www.launchworks.co\/fr\/a-propos\/benoit-reillier\/#breadcrumb\"},\"inLanguage\":\"fr-FR\",\"potentialAction\":[{\"@type\":\"ReadAction\",\"target\":[\"https:\/\/www.launchworks.co\/fr\/a-propos\/benoit-reillier\/\"]}]},{\"@type\":\"ImageObject\",\"inLanguage\":\"fr-FR\",\"@id\":\"https:\/\/www.launchworks.co\/fr\/a-propos\/benoit-reillier\/#primaryimage\",\"url\":\"https:\/\/www.launchworks.co\/wp-content\/uploads\/2024\/03\/Benoit-Reillier.png\",\"contentUrl\":\"https:\/\/www.launchworks.co\/wp-content\/uploads\/2024\/03\/Benoit-Reillier.png\",\"width\":450,\"height\":450,\"caption\":\"Benoit Reillier Launchworks & Co\"},{\"@type\":\"BreadcrumbList\",\"@id\":\"https:\/\/www.launchworks.co\/fr\/a-propos\/benoit-reillier\/#breadcrumb\",\"itemListElement\":[{\"@type\":\"ListItem\",\"position\":1,\"name\":\"Home\",\"item\":\"https:\/\/www.launchworks.co\/fr\/\"},{\"@type\":\"ListItem\",\"position\":2,\"name\":\"A propos\",\"item\":\"https:\/\/www.launchworks.co\/fr\/a-propos\/\"},{\"@type\":\"ListItem\",\"position\":3,\"name\":\"Benoit Reillier\"}]},{\"@type\":\"WebSite\",\"@id\":\"https:\/\/www.launchworks.co\/fr\/#website\",\"url\":\"https:\/\/www.launchworks.co\/fr\/\",\"name\":\"Launchworks Ventures Ltd.\",\"description\":\"\",\"potentialAction\":[{\"@type\":\"SearchAction\",\"target\":{\"@type\":\"EntryPoint\",\"urlTemplate\":\"https:\/\/www.launchworks.co\/fr\/?s={search_term_string}\"},\"query-input\":{\"@type\":\"PropertyValueSpecification\",\"valueRequired\":true,\"valueName\":\"search_term_string\"}}],\"inLanguage\":\"fr-FR\"}]}<\/script>\n<!-- \/ Yoast SEO Premium plugin. -->","yoast_head_json":{"title":"Benoit Reillier est Fondateur et Directeur G\u00e9n\u00e9ral de Launchworks & Co","description":"Benoit Reillier est directeur g\u00e9n\u00e9ral et fondateur de Launchworks & Co. Benoit poss\u00e8de une expertise approfondie en strat\u00e9gie de plateforme et en r\u00e9gulation de plateforme. Il est le co-auteur de Platform Strategy: How to Unlock the Power of Communities and Platforms to Grow your Business.","robots":{"index":"index","follow":"follow","max-snippet":"max-snippet:-1","max-image-preview":"max-image-preview:large","max-video-preview":"max-video-preview:-1"},"canonical":"https:\/\/www.launchworks.co\/fr\/a-propos\/benoit-reillier\/","og_locale":"fr_FR","og_type":"article","og_title":"Benoit Reillier est Fondateur et Directeur G\u00e9n\u00e9ral de Launchworks & Co","og_description":"Benoit Reillier est directeur g\u00e9n\u00e9ral et fondateur de Launchworks & Co. Benoit poss\u00e8de une expertise approfondie en strat\u00e9gie de plateforme et en r\u00e9gulation de plateforme. Il est le co-auteur de Platform Strategy: How to Unlock the Power of Communities and Platforms to Grow your Business.","og_url":"https:\/\/www.launchworks.co\/fr\/a-propos\/benoit-reillier\/","og_site_name":"Launchworks Ventures Ltd.","article_modified_time":"2024-03-08T19:04:05+00:00","og_image":[{"width":450,"height":450,"url":"https:\/\/www.launchworks.co\/wp-content\/uploads\/2024\/03\/Benoit-Reillier.png","type":"image\/png"}],"twitter_card":"summary_large_image","twitter_site":"@LaunchworksV","twitter_misc":{"Dur\u00e9e de lecture estim\u00e9e":"2 minutes"},"schema":{"@context":"https:\/\/schema.org","@graph":[{"@type":"WebPage","@id":"https:\/\/www.launchworks.co\/fr\/a-propos\/benoit-reillier\/","url":"https:\/\/www.launchworks.co\/fr\/a-propos\/benoit-reillier\/","name":"Benoit Reillier est Fondateur et Directeur G\u00e9n\u00e9ral de Launchworks & Co","isPartOf":{"@id":"https:\/\/www.launchworks.co\/fr\/#website"},"primaryImageOfPage":{"@id":"https:\/\/www.launchworks.co\/fr\/a-propos\/benoit-reillier\/#primaryimage"},"image":{"@id":"https:\/\/www.launchworks.co\/fr\/a-propos\/benoit-reillier\/#primaryimage"},"thumbnailUrl":"https:\/\/www.launchworks.co\/wp-content\/uploads\/2024\/03\/Benoit-Reillier.png","datePublished":"2021-12-21T16:59:32+00:00","dateModified":"2024-03-08T19:04:05+00:00","description":"Benoit Reillier est directeur g\u00e9n\u00e9ral et fondateur de Launchworks & Co. Benoit poss\u00e8de une expertise approfondie en strat\u00e9gie de plateforme et en r\u00e9gulation de plateforme. Il est le co-auteur de Platform Strategy: How to Unlock the Power of Communities and Platforms to Grow your Business.","breadcrumb":{"@id":"https:\/\/www.launchworks.co\/fr\/a-propos\/benoit-reillier\/#breadcrumb"},"inLanguage":"fr-FR","potentialAction":[{"@type":"ReadAction","target":["https:\/\/www.launchworks.co\/fr\/a-propos\/benoit-reillier\/"]}]},{"@type":"ImageObject","inLanguage":"fr-FR","@id":"https:\/\/www.launchworks.co\/fr\/a-propos\/benoit-reillier\/#primaryimage","url":"https:\/\/www.launchworks.co\/wp-content\/uploads\/2024\/03\/Benoit-Reillier.png","contentUrl":"https:\/\/www.launchworks.co\/wp-content\/uploads\/2024\/03\/Benoit-Reillier.png","width":450,"height":450,"caption":"Benoit Reillier Launchworks & Co"},{"@type":"BreadcrumbList","@id":"https:\/\/www.launchworks.co\/fr\/a-propos\/benoit-reillier\/#breadcrumb","itemListElement":[{"@type":"ListItem","position":1,"name":"Home","item":"https:\/\/www.launchworks.co\/fr\/"},{"@type":"ListItem","position":2,"name":"A propos","item":"https:\/\/www.launchworks.co\/fr\/a-propos\/"},{"@type":"ListItem","position":3,"name":"Benoit Reillier"}]},{"@type":"WebSite","@id":"https:\/\/www.launchworks.co\/fr\/#website","url":"https:\/\/www.launchworks.co\/fr\/","name":"Launchworks Ventures Ltd.","description":"","potentialAction":[{"@type":"SearchAction","target":{"@type":"EntryPoint","urlTemplate":"https:\/\/www.launchworks.co\/fr\/?s={search_term_string}"},"query-input":{"@type":"PropertyValueSpecification","valueRequired":true,"valueName":"search_term_string"}}],"inLanguage":"fr-FR"}]}},"_links":{"self":[{"href":"https:\/\/www.launchworks.co\/fr\/wp-json\/wp\/v2\/pages\/10770","targetHints":{"allow":["GET"]}}],"collection":[{"href":"https:\/\/www.launchworks.co\/fr\/wp-json\/wp\/v2\/pages"}],"about":[{"href":"https:\/\/www.launchworks.co\/fr\/wp-json\/wp\/v2\/types\/page"}],"author":[{"embeddable":true,"href":"https:\/\/www.launchworks.co\/fr\/wp-json\/wp\/v2\/users\/3"}],"replies":[{"embeddable":true,"href":"https:\/\/www.launchworks.co\/fr\/wp-json\/wp\/v2\/comments?post=10770"}],"version-history":[{"count":3,"href":"https:\/\/www.launchworks.co\/fr\/wp-json\/wp\/v2\/pages\/10770\/revisions"}],"predecessor-version":[{"id":11021,"href":"https:\/\/www.launchworks.co\/fr\/wp-json\/wp\/v2\/pages\/10770\/revisions\/11021"}],"up":[{"embeddable":true,"href":"https:\/\/www.launchworks.co\/fr\/wp-json\/wp\/v2\/pages\/10732"}],"wp:featuredmedia":[{"embeddable":true,"href":"https:\/\/www.launchworks.co\/fr\/wp-json\/wp\/v2\/media\/13183"}],"wp:attachment":[{"href":"https:\/\/www.launchworks.co\/fr\/wp-json\/wp\/v2\/media?parent=10770"}],"curies":[{"name":"wp","href":"https:\/\/api.w.org\/{rel}","templated":true}]}}