{"id":10773,"date":"2021-12-21T17:00:04","date_gmt":"2021-12-21T17:00:04","guid":{"rendered":"https:\/\/www.launchworks.co\/a-propos\/laure-claire-reillier-2\/"},"modified":"2022-01-18T12:59:49","modified_gmt":"2022-01-18T12:59:49","slug":"laure-claire-reillier","status":"publish","type":"page","link":"https:\/\/www.launchworks.co\/fr\/a-propos\/laure-claire-reillier\/","title":{"rendered":"Laure Claire Reillier"},"content":{"rendered":"<p>Laure Claire Reillier est co-fondatrice et COO de Launchworks &amp; Co. Elle se sp\u00e9cialise dans le marketing, le d\u00e9veloppement de produits et l&rsquo;ecommerce. Avec 20 ans d&rsquo;exp\u00e9rience dans le d\u00e9veloppement, la gestion et la commercialisation de produits et services pour des soci\u00e9t\u00e9s d&rsquo;ecommerce, de t\u00e9l\u00e9communications et de logiciels et des plateformes, Laure Claire poss\u00e8de une expertise approfondie du marketing B2B, B2C et C2C.<\/p>\n<p>Avant de fonder Launchworks &amp; Co, Laure Claire a travaill\u00e9 plusieurs ann\u00e9es chez eBay o\u00f9 elle \u00e9tait responsable du d\u00e9veloppement des propositions pour les vendeurs en Europe. Elle \u00e9tait en charge de la strat\u00e9gie produit et de la feuille de route, du positionnement, de l&rsquo;exp\u00e9rience client (online et off-line), de la tarification et de la communication marketing.<\/p>\n<p>Avant eBay, Laure Claire g\u00e9rait le P&amp;L et le d\u00e9veloppement des services VoIP et e-commerce chez BT Retail au Royaume-Uni. Elle \u00e9tait \u00e9galement responsable du d\u00e9veloppement commercial et du lancement de nouveaux services ainsi que de la gestion (strat\u00e9gie, marketing et tarification) des services existants.<\/p>\n<p>Elle \u00e9tait auparavant directrice du marketing et du d\u00e9veloppement commercial chez Goodman Blue, une start-up de logiciels VoIP, o\u00f9 elle a repositionn\u00e9 l&rsquo;entreprise et sa suite de produits avant son acquisition par des investisseurs am\u00e9ricains en 2006.<\/p>\n<p>Laure Claire a d\u00e9but\u00e9 sa carri\u00e8re en 1996 dans les start-ups de logiciels Metrica et WatchMark. Toutes deux ont ensuite \u00e9t\u00e9 acquises par IBM o\u00f9 Laure Claire a travaill\u00e9 en tant que consultante, chef de produit puis responsable du marketing pour l&rsquo;Europe. Durant ces huit ann\u00e9es, Laure Claire a travaill\u00e9 en \u00e9troite collaboration avec de nombreux op\u00e9rateurs t\u00e9l\u00e9coms internationaux (Vodafone, AT&amp;T, O2, Orange, SFR, Deutsche Telekom, Swisscom, Sprint etc.) sur des solutions de gestion de la performance des services mobiles.<\/p>\n<p>Laure Claire a \u00e9galement dirig\u00e9 un groupe de recherche au TMForum sur les nouvelles normes de qualit\u00e9 de service pour les r\u00e9seaux mobiles 3G. Ces normes ont depuis \u00e9t\u00e9 adopt\u00e9es au niveau international et font d\u00e9sormais partie des normes 3GPP.<\/p>\n<p>Laure Claire est r\u00e9guli\u00e8rement invit\u00e9e comme conf\u00e9renci\u00e8re \u00e0 l&rsquo;ESCP Business School et membre du conseil d&rsquo;administration de leur Master Marketing. Elle a \u00e9galement \u00e9t\u00e9 conf\u00e9renci\u00e8re invit\u00e9e \u00e0 la London Business School.<\/p>\n<p>Laure Claire est Ing\u00e9nieur T\u00e9l\u00e9com (Institut National des T\u00e9l\u00e9communications, groupe Mines-T\u00e9l\u00e9com) et titulaire d&rsquo;un MBA de la London Business School.<\/p>\n<p>Elle a co-\u00e9crit avec <a href=\"https:\/\/www.launchworks.co\/about\/benoit-reillier\/\">Benoit Reillier<\/a> <a href=\"http:\/\/www.platformstrategy.co\">Platform Strategy: How to unlock the power of community and networks to grow your business,<\/a> qui a \u00e9t\u00e9 publi\u00e9 par Routledge en avril 2017 et en fran\u00e7ais par Dunod en 2018.<\/p>\n","protected":false},"excerpt":{"rendered":"<p>Laure Claire Reillier est co-fondatrice et COO de Launchworks &amp; Co. Elle se sp\u00e9cialise dans le marketing, le d\u00e9veloppement de produits et l&rsquo;ecommerce. Avec 20 ans d&rsquo;exp\u00e9rience dans le d\u00e9veloppement, la gestion et la commercialisation de produits et services pour des soci\u00e9t\u00e9s d&rsquo;ecommerce, de t\u00e9l\u00e9communications et de logiciels et des plateformes, Laure Claire poss\u00e8de une&hellip; <a class=\"read-more\" href=\"https:\/\/www.launchworks.co\/fr\/a-propos\/laure-claire-reillier\/\">Read More<\/a><\/p>\n","protected":false},"author":3,"featured_media":10229,"parent":10732,"menu_order":0,"comment_status":"closed","ping_status":"closed","template":"page-launchworks-team-member.php","meta":{"_acf_changed":false,"content-type":"","footnotes":""},"class_list":["post-10773","page","type-page","status-publish","has-post-thumbnail","hentry"],"acf":[],"yoast_head":"<!-- This site is optimized with the Yoast SEO Premium plugin v27.3 (Yoast SEO v27.2) - https:\/\/yoast.com\/product\/yoast-seo-premium-wordpress\/ -->\n<title>Laure Claire Reillier est Co-fondatrice et COO chez Launchworks &amp; Co<\/title>\n<meta name=\"description\" content=\"Laure Claire Reillier est co-fondatrice &amp; COO chez Launchworks &amp; Co. Ex-eBay, elle poss\u00e8de une vaste exp\u00e9rience des plateformes.\" \/>\n<meta name=\"robots\" content=\"index, follow, max-snippet:-1, max-image-preview:large, max-video-preview:-1\" \/>\n<link rel=\"canonical\" href=\"https:\/\/www.launchworks.co\/fr\/a-propos\/laure-claire-reillier\/\" \/>\n<meta property=\"og:locale\" content=\"fr_FR\" \/>\n<meta property=\"og:type\" content=\"article\" \/>\n<meta property=\"og:title\" content=\"Laure Claire Reillier est Co-fondatrice et COO chez Launchworks &amp; Co\" \/>\n<meta property=\"og:description\" content=\"Laure Claire Reillier est co-fondatrice &amp; COO chez Launchworks &amp; Co. Ex-eBay, elle poss\u00e8de une vaste exp\u00e9rience des plateformes.\" \/>\n<meta property=\"og:url\" content=\"https:\/\/www.launchworks.co\/fr\/a-propos\/laure-claire-reillier\/\" \/>\n<meta property=\"og:site_name\" content=\"Launchworks Ventures Ltd.\" \/>\n<meta property=\"article:modified_time\" content=\"2022-01-18T12:59:49+00:00\" \/>\n<meta property=\"og:image\" content=\"https:\/\/www.launchworks.co\/wp-content\/uploads\/2015\/09\/laure-claire-thumb-02.jpg\" \/>\n\t<meta property=\"og:image:width\" content=\"260\" \/>\n\t<meta property=\"og:image:height\" content=\"260\" \/>\n\t<meta property=\"og:image:type\" content=\"image\/jpeg\" \/>\n<meta name=\"twitter:card\" content=\"summary_large_image\" \/>\n<meta name=\"twitter:site\" content=\"@LaunchworksV\" \/>\n<meta name=\"twitter:label1\" content=\"Dur\u00e9e de lecture estim\u00e9e\" \/>\n\t<meta name=\"twitter:data1\" content=\"2 minutes\" \/>\n<script type=\"application\/ld+json\" class=\"yoast-schema-graph\">{\"@context\":\"https:\/\/schema.org\",\"@graph\":[{\"@type\":\"WebPage\",\"@id\":\"https:\/\/www.launchworks.co\/fr\/a-propos\/laure-claire-reillier\/\",\"url\":\"https:\/\/www.launchworks.co\/fr\/a-propos\/laure-claire-reillier\/\",\"name\":\"Laure Claire Reillier est Co-fondatrice et COO chez Launchworks & Co\",\"isPartOf\":{\"@id\":\"https:\/\/www.launchworks.co\/fr\/#website\"},\"primaryImageOfPage\":{\"@id\":\"https:\/\/www.launchworks.co\/fr\/a-propos\/laure-claire-reillier\/#primaryimage\"},\"image\":{\"@id\":\"https:\/\/www.launchworks.co\/fr\/a-propos\/laure-claire-reillier\/#primaryimage\"},\"thumbnailUrl\":\"https:\/\/www.launchworks.co\/wp-content\/uploads\/2015\/09\/laure-claire-thumb-02.jpg\",\"datePublished\":\"2021-12-21T17:00:04+00:00\",\"dateModified\":\"2022-01-18T12:59:49+00:00\",\"description\":\"Laure Claire Reillier est co-fondatrice & COO chez Launchworks & Co. Ex-eBay, elle poss\u00e8de une vaste exp\u00e9rience des plateformes.\",\"breadcrumb\":{\"@id\":\"https:\/\/www.launchworks.co\/fr\/a-propos\/laure-claire-reillier\/#breadcrumb\"},\"inLanguage\":\"fr-FR\",\"potentialAction\":[{\"@type\":\"ReadAction\",\"target\":[\"https:\/\/www.launchworks.co\/fr\/a-propos\/laure-claire-reillier\/\"]}]},{\"@type\":\"ImageObject\",\"inLanguage\":\"fr-FR\",\"@id\":\"https:\/\/www.launchworks.co\/fr\/a-propos\/laure-claire-reillier\/#primaryimage\",\"url\":\"https:\/\/www.launchworks.co\/wp-content\/uploads\/2015\/09\/laure-claire-thumb-02.jpg\",\"contentUrl\":\"https:\/\/www.launchworks.co\/wp-content\/uploads\/2015\/09\/laure-claire-thumb-02.jpg\",\"width\":260,\"height\":260},{\"@type\":\"BreadcrumbList\",\"@id\":\"https:\/\/www.launchworks.co\/fr\/a-propos\/laure-claire-reillier\/#breadcrumb\",\"itemListElement\":[{\"@type\":\"ListItem\",\"position\":1,\"name\":\"Home\",\"item\":\"https:\/\/www.launchworks.co\/fr\/\"},{\"@type\":\"ListItem\",\"position\":2,\"name\":\"A propos\",\"item\":\"https:\/\/www.launchworks.co\/fr\/a-propos\/\"},{\"@type\":\"ListItem\",\"position\":3,\"name\":\"Laure Claire Reillier\"}]},{\"@type\":\"WebSite\",\"@id\":\"https:\/\/www.launchworks.co\/fr\/#website\",\"url\":\"https:\/\/www.launchworks.co\/fr\/\",\"name\":\"Launchworks Ventures Ltd.\",\"description\":\"\",\"potentialAction\":[{\"@type\":\"SearchAction\",\"target\":{\"@type\":\"EntryPoint\",\"urlTemplate\":\"https:\/\/www.launchworks.co\/fr\/?s={search_term_string}\"},\"query-input\":{\"@type\":\"PropertyValueSpecification\",\"valueRequired\":true,\"valueName\":\"search_term_string\"}}],\"inLanguage\":\"fr-FR\"}]}<\/script>\n<!-- \/ Yoast SEO Premium plugin. -->","yoast_head_json":{"title":"Laure Claire Reillier est Co-fondatrice et COO chez Launchworks & Co","description":"Laure Claire Reillier est co-fondatrice & COO chez Launchworks & Co. Ex-eBay, elle poss\u00e8de une vaste exp\u00e9rience des plateformes.","robots":{"index":"index","follow":"follow","max-snippet":"max-snippet:-1","max-image-preview":"max-image-preview:large","max-video-preview":"max-video-preview:-1"},"canonical":"https:\/\/www.launchworks.co\/fr\/a-propos\/laure-claire-reillier\/","og_locale":"fr_FR","og_type":"article","og_title":"Laure Claire Reillier est Co-fondatrice et COO chez Launchworks & Co","og_description":"Laure Claire Reillier est co-fondatrice & COO chez Launchworks & Co. Ex-eBay, elle poss\u00e8de une vaste exp\u00e9rience des plateformes.","og_url":"https:\/\/www.launchworks.co\/fr\/a-propos\/laure-claire-reillier\/","og_site_name":"Launchworks Ventures Ltd.","article_modified_time":"2022-01-18T12:59:49+00:00","og_image":[{"width":260,"height":260,"url":"https:\/\/www.launchworks.co\/wp-content\/uploads\/2015\/09\/laure-claire-thumb-02.jpg","type":"image\/jpeg"}],"twitter_card":"summary_large_image","twitter_site":"@LaunchworksV","twitter_misc":{"Dur\u00e9e de lecture estim\u00e9e":"2 minutes"},"schema":{"@context":"https:\/\/schema.org","@graph":[{"@type":"WebPage","@id":"https:\/\/www.launchworks.co\/fr\/a-propos\/laure-claire-reillier\/","url":"https:\/\/www.launchworks.co\/fr\/a-propos\/laure-claire-reillier\/","name":"Laure Claire Reillier est Co-fondatrice et COO chez Launchworks & Co","isPartOf":{"@id":"https:\/\/www.launchworks.co\/fr\/#website"},"primaryImageOfPage":{"@id":"https:\/\/www.launchworks.co\/fr\/a-propos\/laure-claire-reillier\/#primaryimage"},"image":{"@id":"https:\/\/www.launchworks.co\/fr\/a-propos\/laure-claire-reillier\/#primaryimage"},"thumbnailUrl":"https:\/\/www.launchworks.co\/wp-content\/uploads\/2015\/09\/laure-claire-thumb-02.jpg","datePublished":"2021-12-21T17:00:04+00:00","dateModified":"2022-01-18T12:59:49+00:00","description":"Laure Claire Reillier est co-fondatrice & COO chez Launchworks & Co. Ex-eBay, elle poss\u00e8de une vaste exp\u00e9rience des plateformes.","breadcrumb":{"@id":"https:\/\/www.launchworks.co\/fr\/a-propos\/laure-claire-reillier\/#breadcrumb"},"inLanguage":"fr-FR","potentialAction":[{"@type":"ReadAction","target":["https:\/\/www.launchworks.co\/fr\/a-propos\/laure-claire-reillier\/"]}]},{"@type":"ImageObject","inLanguage":"fr-FR","@id":"https:\/\/www.launchworks.co\/fr\/a-propos\/laure-claire-reillier\/#primaryimage","url":"https:\/\/www.launchworks.co\/wp-content\/uploads\/2015\/09\/laure-claire-thumb-02.jpg","contentUrl":"https:\/\/www.launchworks.co\/wp-content\/uploads\/2015\/09\/laure-claire-thumb-02.jpg","width":260,"height":260},{"@type":"BreadcrumbList","@id":"https:\/\/www.launchworks.co\/fr\/a-propos\/laure-claire-reillier\/#breadcrumb","itemListElement":[{"@type":"ListItem","position":1,"name":"Home","item":"https:\/\/www.launchworks.co\/fr\/"},{"@type":"ListItem","position":2,"name":"A propos","item":"https:\/\/www.launchworks.co\/fr\/a-propos\/"},{"@type":"ListItem","position":3,"name":"Laure Claire Reillier"}]},{"@type":"WebSite","@id":"https:\/\/www.launchworks.co\/fr\/#website","url":"https:\/\/www.launchworks.co\/fr\/","name":"Launchworks Ventures Ltd.","description":"","potentialAction":[{"@type":"SearchAction","target":{"@type":"EntryPoint","urlTemplate":"https:\/\/www.launchworks.co\/fr\/?s={search_term_string}"},"query-input":{"@type":"PropertyValueSpecification","valueRequired":true,"valueName":"search_term_string"}}],"inLanguage":"fr-FR"}]}},"_links":{"self":[{"href":"https:\/\/www.launchworks.co\/fr\/wp-json\/wp\/v2\/pages\/10773","targetHints":{"allow":["GET"]}}],"collection":[{"href":"https:\/\/www.launchworks.co\/fr\/wp-json\/wp\/v2\/pages"}],"about":[{"href":"https:\/\/www.launchworks.co\/fr\/wp-json\/wp\/v2\/types\/page"}],"author":[{"embeddable":true,"href":"https:\/\/www.launchworks.co\/fr\/wp-json\/wp\/v2\/users\/3"}],"replies":[{"embeddable":true,"href":"https:\/\/www.launchworks.co\/fr\/wp-json\/wp\/v2\/comments?post=10773"}],"version-history":[{"count":4,"href":"https:\/\/www.launchworks.co\/fr\/wp-json\/wp\/v2\/pages\/10773\/revisions"}],"predecessor-version":[{"id":11306,"href":"https:\/\/www.launchworks.co\/fr\/wp-json\/wp\/v2\/pages\/10773\/revisions\/11306"}],"up":[{"embeddable":true,"href":"https:\/\/www.launchworks.co\/fr\/wp-json\/wp\/v2\/pages\/10732"}],"wp:featuredmedia":[{"embeddable":true,"href":"https:\/\/www.launchworks.co\/fr\/wp-json\/wp\/v2\/media\/10229"}],"wp:attachment":[{"href":"https:\/\/www.launchworks.co\/fr\/wp-json\/wp\/v2\/media?parent=10773"}],"curies":[{"name":"wp","href":"https:\/\/api.w.org\/{rel}","templated":true}]}}