{"id":10776,"date":"2021-12-21T17:00:46","date_gmt":"2021-12-21T17:00:46","guid":{"rendered":"https:\/\/www.launchworks.co\/a-propos\/justin-coutts\/"},"modified":"2022-01-20T17:07:48","modified_gmt":"2022-01-20T17:07:48","slug":"justin-coutts","status":"publish","type":"page","link":"https:\/\/www.launchworks.co\/fr\/a-propos\/justin-coutts\/","title":{"rendered":"Justin Coutts"},"content":{"rendered":"<p>Justin Coutts est Platform Value Architect chez Launchworks &amp; Co et est sp\u00e9cialis\u00e9 dans le pricing\u00a0 l&rsquo;\u00e9conomie et la strat\u00e9gie. Justin a plus de 15 ans d&rsquo;exp\u00e9rience de travail avec des entreprises internationales de premier plan, des r\u00e9gulateurs et des gouvernements \u00e0 la fois en tant que cadre et consultant. Ses domaines d&rsquo;expertise comprennent le pricing et le d\u00e9veloppement de valeur pour les plateformes multifaces, l&rsquo;analyse \u00e9conomique des strat\u00e9gies, le design institutionnel et le conseil r\u00e9glementaire.<\/p>\n<p>Avant de rejoindre Launchworks &amp; Co, Justin a travaill\u00e9 pendant six ans chez American Express o\u00f9 il a d\u00e9velopp\u00e9 des initiatives de pricing et de revenue management, d&rsquo;innovation et de strat\u00e9gie pour des nouveaux produits, ainsi que des strat\u00e9gies de paiement pour les entreprises et de partenariats. Auparavant, Justin \u00e9tait consultant \u00e9conomique chez LECG Europe (maintenant FTI) et conseillait des clients en strat\u00e9gie de plateforme multiface, r\u00e9glementation, analyse de litiges et de dommages, politiques publiques et design institutionnel. Justin a \u00e9galement travaill\u00e9 au Tr\u00e9sor n\u00e9o-z\u00e9landais sur un \u00e9ventail de questions \u00e9conomiques et de politique publique.<\/p>\n<p>Chez Launchworks &amp; Co, Justin est sp\u00e9cialis\u00e9 dans la cr\u00e9ation de valeur pour les plateformes, qui prend en compte les besoins cl\u00e9s des clients, l&rsquo;\u00e9change de valeur entre les participants de la plateforme et la strat\u00e9gie de pricing et de produits pour maximiser les interactions et la confiance. Cela comprend le d\u00e9veloppement et le test de caract\u00e9ristiques de pricing et de valeur pour cr\u00e9er une masse critique, \u00e9quilibrer la participation \u00e0 la plateforme entre les diff\u00e9rents groupes de clients et g\u00e9n\u00e9rer des flux de revenus durables.<\/p>\n<p>Justin est titulaire d&rsquo;un Bachelor of Commerce (Honours) de l&rsquo;Universit\u00e9 d&rsquo;Auckland, d&rsquo;un certificat in IT applications et ecommerce de l&rsquo;Universit\u00e9 de Londres et a \u00e9tudi\u00e9 le droit et l&rsquo;\u00e9conomie \u00e0 la Victoria University.<\/p>\n","protected":false},"excerpt":{"rendered":"<p>Justin Coutts est Platform Value Architect chez Launchworks &amp; Co et est sp\u00e9cialis\u00e9 dans le pricing\u00a0 l&rsquo;\u00e9conomie et la strat\u00e9gie. Justin a plus de 15 ans d&rsquo;exp\u00e9rience de travail avec des entreprises internationales de premier plan, des r\u00e9gulateurs et des gouvernements \u00e0 la fois en tant que cadre et consultant. Ses domaines d&rsquo;expertise comprennent le&hellip; <a class=\"read-more\" href=\"https:\/\/www.launchworks.co\/fr\/a-propos\/justin-coutts\/\">Read More<\/a><\/p>\n","protected":false},"author":3,"featured_media":10143,"parent":10732,"menu_order":0,"comment_status":"closed","ping_status":"closed","template":"page-launchworks-team-member.php","meta":{"_acf_changed":false,"content-type":"","footnotes":""},"class_list":["post-10776","page","type-page","status-publish","has-post-thumbnail","hentry"],"acf":[],"yoast_head":"<!-- This site is optimized with the Yoast SEO Premium plugin v27.3 (Yoast SEO v27.2) - https:\/\/yoast.com\/product\/yoast-seo-premium-wordpress\/ -->\n<title>Justin Coutts est un architecte de valeur de plate-forme chez Launchworks &amp; Co<\/title>\n<meta name=\"description\" content=\"Justin Coutts est un Platform Value Architect chez Launchworks &amp; Co et est sp\u00e9cialis\u00e9 dans la tarification, le d\u00e9veloppement de propositions de valeur, l&#039;analyse \u00e9conomique et les conseils r\u00e9glementaires pour les plateformes multifaces.\" \/>\n<meta name=\"robots\" content=\"index, follow, max-snippet:-1, max-image-preview:large, max-video-preview:-1\" \/>\n<link rel=\"canonical\" href=\"https:\/\/www.launchworks.co\/fr\/a-propos\/justin-coutts\/\" \/>\n<meta property=\"og:locale\" content=\"fr_FR\" \/>\n<meta property=\"og:type\" content=\"article\" \/>\n<meta property=\"og:title\" content=\"Justin Coutts est un architecte de valeur de plate-forme chez Launchworks &amp; Co\" \/>\n<meta property=\"og:description\" content=\"Justin Coutts est un Platform Value Architect chez Launchworks &amp; Co et est sp\u00e9cialis\u00e9 dans la tarification, le d\u00e9veloppement de propositions de valeur, l&#039;analyse \u00e9conomique et les conseils r\u00e9glementaires pour les plateformes multifaces.\" \/>\n<meta property=\"og:url\" content=\"https:\/\/www.launchworks.co\/fr\/a-propos\/justin-coutts\/\" \/>\n<meta property=\"og:site_name\" content=\"Launchworks Ventures Ltd.\" \/>\n<meta property=\"article:modified_time\" content=\"2022-01-20T17:07:48+00:00\" \/>\n<meta property=\"og:image\" content=\"https:\/\/www.launchworks.co\/wp-content\/uploads\/2016\/07\/launchworks-justin-coutts-thumb-01.png\" \/>\n\t<meta property=\"og:image:width\" content=\"260\" \/>\n\t<meta property=\"og:image:height\" content=\"260\" \/>\n\t<meta property=\"og:image:type\" content=\"image\/png\" \/>\n<meta name=\"twitter:card\" content=\"summary_large_image\" \/>\n<meta name=\"twitter:site\" content=\"@LaunchworksV\" \/>\n<meta name=\"twitter:label1\" content=\"Dur\u00e9e de lecture estim\u00e9e\" \/>\n\t<meta name=\"twitter:data1\" content=\"2 minutes\" \/>\n<script type=\"application\/ld+json\" class=\"yoast-schema-graph\">{\"@context\":\"https:\/\/schema.org\",\"@graph\":[{\"@type\":\"WebPage\",\"@id\":\"https:\/\/www.launchworks.co\/fr\/a-propos\/justin-coutts\/\",\"url\":\"https:\/\/www.launchworks.co\/fr\/a-propos\/justin-coutts\/\",\"name\":\"Justin Coutts est un architecte de valeur de plate-forme chez Launchworks & Co\",\"isPartOf\":{\"@id\":\"https:\/\/www.launchworks.co\/fr\/#website\"},\"primaryImageOfPage\":{\"@id\":\"https:\/\/www.launchworks.co\/fr\/a-propos\/justin-coutts\/#primaryimage\"},\"image\":{\"@id\":\"https:\/\/www.launchworks.co\/fr\/a-propos\/justin-coutts\/#primaryimage\"},\"thumbnailUrl\":\"https:\/\/www.launchworks.co\/wp-content\/uploads\/2016\/07\/launchworks-justin-coutts-thumb-01.png\",\"datePublished\":\"2021-12-21T17:00:46+00:00\",\"dateModified\":\"2022-01-20T17:07:48+00:00\",\"description\":\"Justin Coutts est un Platform Value Architect chez Launchworks & Co et est sp\u00e9cialis\u00e9 dans la tarification, le d\u00e9veloppement de propositions de valeur, l'analyse \u00e9conomique et les conseils r\u00e9glementaires pour les plateformes multifaces.\",\"breadcrumb\":{\"@id\":\"https:\/\/www.launchworks.co\/fr\/a-propos\/justin-coutts\/#breadcrumb\"},\"inLanguage\":\"fr-FR\",\"potentialAction\":[{\"@type\":\"ReadAction\",\"target\":[\"https:\/\/www.launchworks.co\/fr\/a-propos\/justin-coutts\/\"]}]},{\"@type\":\"ImageObject\",\"inLanguage\":\"fr-FR\",\"@id\":\"https:\/\/www.launchworks.co\/fr\/a-propos\/justin-coutts\/#primaryimage\",\"url\":\"https:\/\/www.launchworks.co\/wp-content\/uploads\/2016\/07\/launchworks-justin-coutts-thumb-01.png\",\"contentUrl\":\"https:\/\/www.launchworks.co\/wp-content\/uploads\/2016\/07\/launchworks-justin-coutts-thumb-01.png\",\"width\":260,\"height\":260},{\"@type\":\"BreadcrumbList\",\"@id\":\"https:\/\/www.launchworks.co\/fr\/a-propos\/justin-coutts\/#breadcrumb\",\"itemListElement\":[{\"@type\":\"ListItem\",\"position\":1,\"name\":\"Home\",\"item\":\"https:\/\/www.launchworks.co\/fr\/\"},{\"@type\":\"ListItem\",\"position\":2,\"name\":\"A propos\",\"item\":\"https:\/\/www.launchworks.co\/fr\/a-propos\/\"},{\"@type\":\"ListItem\",\"position\":3,\"name\":\"Justin Coutts\"}]},{\"@type\":\"WebSite\",\"@id\":\"https:\/\/www.launchworks.co\/fr\/#website\",\"url\":\"https:\/\/www.launchworks.co\/fr\/\",\"name\":\"Launchworks Ventures Ltd.\",\"description\":\"\",\"potentialAction\":[{\"@type\":\"SearchAction\",\"target\":{\"@type\":\"EntryPoint\",\"urlTemplate\":\"https:\/\/www.launchworks.co\/fr\/?s={search_term_string}\"},\"query-input\":{\"@type\":\"PropertyValueSpecification\",\"valueRequired\":true,\"valueName\":\"search_term_string\"}}],\"inLanguage\":\"fr-FR\"}]}<\/script>\n<!-- \/ Yoast SEO Premium plugin. -->","yoast_head_json":{"title":"Justin Coutts est un architecte de valeur de plate-forme chez Launchworks & Co","description":"Justin Coutts est un Platform Value Architect chez Launchworks & Co et est sp\u00e9cialis\u00e9 dans la tarification, le d\u00e9veloppement de propositions de valeur, l'analyse \u00e9conomique et les conseils r\u00e9glementaires pour les plateformes multifaces.","robots":{"index":"index","follow":"follow","max-snippet":"max-snippet:-1","max-image-preview":"max-image-preview:large","max-video-preview":"max-video-preview:-1"},"canonical":"https:\/\/www.launchworks.co\/fr\/a-propos\/justin-coutts\/","og_locale":"fr_FR","og_type":"article","og_title":"Justin Coutts est un architecte de valeur de plate-forme chez Launchworks & Co","og_description":"Justin Coutts est un Platform Value Architect chez Launchworks & Co et est sp\u00e9cialis\u00e9 dans la tarification, le d\u00e9veloppement de propositions de valeur, l'analyse \u00e9conomique et les conseils r\u00e9glementaires pour les plateformes multifaces.","og_url":"https:\/\/www.launchworks.co\/fr\/a-propos\/justin-coutts\/","og_site_name":"Launchworks Ventures Ltd.","article_modified_time":"2022-01-20T17:07:48+00:00","og_image":[{"width":260,"height":260,"url":"https:\/\/www.launchworks.co\/wp-content\/uploads\/2016\/07\/launchworks-justin-coutts-thumb-01.png","type":"image\/png"}],"twitter_card":"summary_large_image","twitter_site":"@LaunchworksV","twitter_misc":{"Dur\u00e9e de lecture estim\u00e9e":"2 minutes"},"schema":{"@context":"https:\/\/schema.org","@graph":[{"@type":"WebPage","@id":"https:\/\/www.launchworks.co\/fr\/a-propos\/justin-coutts\/","url":"https:\/\/www.launchworks.co\/fr\/a-propos\/justin-coutts\/","name":"Justin Coutts est un architecte de valeur de plate-forme chez Launchworks & Co","isPartOf":{"@id":"https:\/\/www.launchworks.co\/fr\/#website"},"primaryImageOfPage":{"@id":"https:\/\/www.launchworks.co\/fr\/a-propos\/justin-coutts\/#primaryimage"},"image":{"@id":"https:\/\/www.launchworks.co\/fr\/a-propos\/justin-coutts\/#primaryimage"},"thumbnailUrl":"https:\/\/www.launchworks.co\/wp-content\/uploads\/2016\/07\/launchworks-justin-coutts-thumb-01.png","datePublished":"2021-12-21T17:00:46+00:00","dateModified":"2022-01-20T17:07:48+00:00","description":"Justin Coutts est un Platform Value Architect chez Launchworks & Co et est sp\u00e9cialis\u00e9 dans la tarification, le d\u00e9veloppement de propositions de valeur, l'analyse \u00e9conomique et les conseils r\u00e9glementaires pour les plateformes multifaces.","breadcrumb":{"@id":"https:\/\/www.launchworks.co\/fr\/a-propos\/justin-coutts\/#breadcrumb"},"inLanguage":"fr-FR","potentialAction":[{"@type":"ReadAction","target":["https:\/\/www.launchworks.co\/fr\/a-propos\/justin-coutts\/"]}]},{"@type":"ImageObject","inLanguage":"fr-FR","@id":"https:\/\/www.launchworks.co\/fr\/a-propos\/justin-coutts\/#primaryimage","url":"https:\/\/www.launchworks.co\/wp-content\/uploads\/2016\/07\/launchworks-justin-coutts-thumb-01.png","contentUrl":"https:\/\/www.launchworks.co\/wp-content\/uploads\/2016\/07\/launchworks-justin-coutts-thumb-01.png","width":260,"height":260},{"@type":"BreadcrumbList","@id":"https:\/\/www.launchworks.co\/fr\/a-propos\/justin-coutts\/#breadcrumb","itemListElement":[{"@type":"ListItem","position":1,"name":"Home","item":"https:\/\/www.launchworks.co\/fr\/"},{"@type":"ListItem","position":2,"name":"A propos","item":"https:\/\/www.launchworks.co\/fr\/a-propos\/"},{"@type":"ListItem","position":3,"name":"Justin Coutts"}]},{"@type":"WebSite","@id":"https:\/\/www.launchworks.co\/fr\/#website","url":"https:\/\/www.launchworks.co\/fr\/","name":"Launchworks Ventures Ltd.","description":"","potentialAction":[{"@type":"SearchAction","target":{"@type":"EntryPoint","urlTemplate":"https:\/\/www.launchworks.co\/fr\/?s={search_term_string}"},"query-input":{"@type":"PropertyValueSpecification","valueRequired":true,"valueName":"search_term_string"}}],"inLanguage":"fr-FR"}]}},"_links":{"self":[{"href":"https:\/\/www.launchworks.co\/fr\/wp-json\/wp\/v2\/pages\/10776","targetHints":{"allow":["GET"]}}],"collection":[{"href":"https:\/\/www.launchworks.co\/fr\/wp-json\/wp\/v2\/pages"}],"about":[{"href":"https:\/\/www.launchworks.co\/fr\/wp-json\/wp\/v2\/types\/page"}],"author":[{"embeddable":true,"href":"https:\/\/www.launchworks.co\/fr\/wp-json\/wp\/v2\/users\/3"}],"replies":[{"embeddable":true,"href":"https:\/\/www.launchworks.co\/fr\/wp-json\/wp\/v2\/comments?post=10776"}],"version-history":[{"count":4,"href":"https:\/\/www.launchworks.co\/fr\/wp-json\/wp\/v2\/pages\/10776\/revisions"}],"predecessor-version":[{"id":11307,"href":"https:\/\/www.launchworks.co\/fr\/wp-json\/wp\/v2\/pages\/10776\/revisions\/11307"}],"up":[{"embeddable":true,"href":"https:\/\/www.launchworks.co\/fr\/wp-json\/wp\/v2\/pages\/10732"}],"wp:featuredmedia":[{"embeddable":true,"href":"https:\/\/www.launchworks.co\/fr\/wp-json\/wp\/v2\/media\/10143"}],"wp:attachment":[{"href":"https:\/\/www.launchworks.co\/fr\/wp-json\/wp\/v2\/media?parent=10776"}],"curies":[{"name":"wp","href":"https:\/\/api.w.org\/{rel}","templated":true}]}}