{"id":10848,"date":"2022-01-05T16:00:42","date_gmt":"2022-01-05T16:00:42","guid":{"rendered":"https:\/\/www.launchworks.co\/nos-clients\/plateformes-et-places-de-marche\/"},"modified":"2022-01-20T21:34:40","modified_gmt":"2022-01-20T21:34:40","slug":"plateformes-et-places-de-marche","status":"publish","type":"page","link":"https:\/\/www.launchworks.co\/fr\/nos-clients\/plateformes-et-places-de-marche\/","title":{"rendered":"Plateformes et places de march\u00e9"},"content":{"rendered":"","protected":false},"excerpt":{"rendered":"<p>Launchworks a d\u00e9velopp\u00e9 des cadres et des mod\u00e8les propri\u00e9taires pour relever les principaux d\u00e9fis de croissance des plateformes et des places de march\u00e9.&hellip; <a class=\"read-more\" href=\"https:\/\/www.launchworks.co\/fr\/nos-clients\/plateformes-et-places-de-marche\/\">Read More<\/a><\/p>\n","protected":false},"author":3,"featured_media":10117,"parent":10762,"menu_order":0,"comment_status":"closed","ping_status":"closed","template":"page-launchworks-services.php","meta":{"_acf_changed":false,"content-type":"","footnotes":""},"class_list":["post-10848","page","type-page","status-publish","has-post-thumbnail","hentry"],"acf":[],"yoast_head":"<!-- This site is optimized with the Yoast SEO Premium plugin v27.5 (Yoast SEO v27.5) - https:\/\/yoast.com\/product\/yoast-seo-premium-wordpress\/ -->\n<title>Plateformes et places de march\u00e9 - Launchworks<\/title>\n<meta name=\"description\" content=\"Launchworks a d\u00e9velopp\u00e9 des cadres et des mod\u00e8les propri\u00e9taires pour relever les principaux d\u00e9fis de croissance des plateformes et des places de march\u00e9.\" \/>\n<meta name=\"robots\" content=\"index, follow, max-snippet:-1, max-image-preview:large, max-video-preview:-1\" \/>\n<link rel=\"canonical\" href=\"https:\/\/www.launchworks.co\/fr\/nos-clients\/plateformes-et-places-de-marche\/\" \/>\n<meta property=\"og:locale\" content=\"fr_FR\" \/>\n<meta property=\"og:type\" content=\"article\" \/>\n<meta property=\"og:title\" content=\"Plateformes et places de march\u00e9\" \/>\n<meta property=\"og:description\" content=\"Launchworks a d\u00e9velopp\u00e9 des cadres et des mod\u00e8les propri\u00e9taires pour relever les principaux d\u00e9fis de croissance des plateformes et des places de march\u00e9.\" \/>\n<meta property=\"og:url\" content=\"https:\/\/www.launchworks.co\/fr\/nos-clients\/plateformes-et-places-de-marche\/\" \/>\n<meta property=\"og:site_name\" content=\"Launchworks Ventures Ltd.\" \/>\n<meta property=\"article:modified_time\" content=\"2022-01-20T21:34:40+00:00\" \/>\n<meta property=\"og:image\" content=\"https:\/\/www.launchworks.co\/wp-content\/uploads\/2015\/10\/launchworks-thumb-clients-platforms-marketplaces-01.jpg\" \/>\n\t<meta property=\"og:image:width\" content=\"400\" \/>\n\t<meta property=\"og:image:height\" content=\"200\" \/>\n\t<meta property=\"og:image:type\" content=\"image\/jpeg\" \/>\n<meta name=\"twitter:card\" content=\"summary_large_image\" \/>\n<meta name=\"twitter:site\" content=\"@LaunchworksV\" \/>\n<script type=\"application\/ld+json\" class=\"yoast-schema-graph\">{\"@context\":\"https:\\\/\\\/schema.org\",\"@graph\":[{\"@type\":\"WebPage\",\"@id\":\"https:\\\/\\\/www.launchworks.co\\\/fr\\\/nos-clients\\\/plateformes-et-places-de-marche\\\/\",\"url\":\"https:\\\/\\\/www.launchworks.co\\\/fr\\\/nos-clients\\\/plateformes-et-places-de-marche\\\/\",\"name\":\"Plateformes et places de march\u00e9 - Launchworks\",\"isPartOf\":{\"@id\":\"https:\\\/\\\/www.launchworks.co\\\/fr\\\/#website\"},\"primaryImageOfPage\":{\"@id\":\"https:\\\/\\\/www.launchworks.co\\\/fr\\\/nos-clients\\\/plateformes-et-places-de-marche\\\/#primaryimage\"},\"image\":{\"@id\":\"https:\\\/\\\/www.launchworks.co\\\/fr\\\/nos-clients\\\/plateformes-et-places-de-marche\\\/#primaryimage\"},\"thumbnailUrl\":\"https:\\\/\\\/www.launchworks.co\\\/wp-content\\\/uploads\\\/2015\\\/10\\\/launchworks-thumb-clients-platforms-marketplaces-01.jpg\",\"datePublished\":\"2022-01-05T16:00:42+00:00\",\"dateModified\":\"2022-01-20T21:34:40+00:00\",\"description\":\"Launchworks a d\u00e9velopp\u00e9 des cadres et des mod\u00e8les propri\u00e9taires pour relever les principaux d\u00e9fis de croissance des plateformes et des places de march\u00e9.\",\"breadcrumb\":{\"@id\":\"https:\\\/\\\/www.launchworks.co\\\/fr\\\/nos-clients\\\/plateformes-et-places-de-marche\\\/#breadcrumb\"},\"inLanguage\":\"fr-FR\",\"potentialAction\":[{\"@type\":\"ReadAction\",\"target\":[\"https:\\\/\\\/www.launchworks.co\\\/fr\\\/nos-clients\\\/plateformes-et-places-de-marche\\\/\"]}]},{\"@type\":\"ImageObject\",\"inLanguage\":\"fr-FR\",\"@id\":\"https:\\\/\\\/www.launchworks.co\\\/fr\\\/nos-clients\\\/plateformes-et-places-de-marche\\\/#primaryimage\",\"url\":\"https:\\\/\\\/www.launchworks.co\\\/wp-content\\\/uploads\\\/2015\\\/10\\\/launchworks-thumb-clients-platforms-marketplaces-01.jpg\",\"contentUrl\":\"https:\\\/\\\/www.launchworks.co\\\/wp-content\\\/uploads\\\/2015\\\/10\\\/launchworks-thumb-clients-platforms-marketplaces-01.jpg\",\"width\":400,\"height\":200},{\"@type\":\"BreadcrumbList\",\"@id\":\"https:\\\/\\\/www.launchworks.co\\\/fr\\\/nos-clients\\\/plateformes-et-places-de-marche\\\/#breadcrumb\",\"itemListElement\":[{\"@type\":\"ListItem\",\"position\":1,\"name\":\"Home\",\"item\":\"https:\\\/\\\/www.launchworks.co\\\/fr\\\/\"},{\"@type\":\"ListItem\",\"position\":2,\"name\":\"Nos clients\",\"item\":\"https:\\\/\\\/www.launchworks.co\\\/fr\\\/nos-clients\\\/\"},{\"@type\":\"ListItem\",\"position\":3,\"name\":\"Plateformes et places de march\u00e9\"}]},{\"@type\":\"WebSite\",\"@id\":\"https:\\\/\\\/www.launchworks.co\\\/fr\\\/#website\",\"url\":\"https:\\\/\\\/www.launchworks.co\\\/fr\\\/\",\"name\":\"Launchworks Ventures Ltd.\",\"description\":\"\",\"potentialAction\":[{\"@type\":\"SearchAction\",\"target\":{\"@type\":\"EntryPoint\",\"urlTemplate\":\"https:\\\/\\\/www.launchworks.co\\\/fr\\\/?s={search_term_string}\"},\"query-input\":{\"@type\":\"PropertyValueSpecification\",\"valueRequired\":true,\"valueName\":\"search_term_string\"}}],\"inLanguage\":\"fr-FR\"}]}<\/script>\n<!-- \/ Yoast SEO Premium plugin. -->","yoast_head_json":{"title":"Plateformes et places de march\u00e9 - Launchworks","description":"Launchworks a d\u00e9velopp\u00e9 des cadres et des mod\u00e8les propri\u00e9taires pour relever les principaux d\u00e9fis de croissance des plateformes et des places de march\u00e9.","robots":{"index":"index","follow":"follow","max-snippet":"max-snippet:-1","max-image-preview":"max-image-preview:large","max-video-preview":"max-video-preview:-1"},"canonical":"https:\/\/www.launchworks.co\/fr\/nos-clients\/plateformes-et-places-de-marche\/","og_locale":"fr_FR","og_type":"article","og_title":"Plateformes et places de march\u00e9","og_description":"Launchworks a d\u00e9velopp\u00e9 des cadres et des mod\u00e8les propri\u00e9taires pour relever les principaux d\u00e9fis de croissance des plateformes et des places de march\u00e9.","og_url":"https:\/\/www.launchworks.co\/fr\/nos-clients\/plateformes-et-places-de-marche\/","og_site_name":"Launchworks Ventures Ltd.","article_modified_time":"2022-01-20T21:34:40+00:00","og_image":[{"width":400,"height":200,"url":"https:\/\/www.launchworks.co\/wp-content\/uploads\/2015\/10\/launchworks-thumb-clients-platforms-marketplaces-01.jpg","type":"image\/jpeg"}],"twitter_card":"summary_large_image","twitter_site":"@LaunchworksV","schema":{"@context":"https:\/\/schema.org","@graph":[{"@type":"WebPage","@id":"https:\/\/www.launchworks.co\/fr\/nos-clients\/plateformes-et-places-de-marche\/","url":"https:\/\/www.launchworks.co\/fr\/nos-clients\/plateformes-et-places-de-marche\/","name":"Plateformes et places de march\u00e9 - Launchworks","isPartOf":{"@id":"https:\/\/www.launchworks.co\/fr\/#website"},"primaryImageOfPage":{"@id":"https:\/\/www.launchworks.co\/fr\/nos-clients\/plateformes-et-places-de-marche\/#primaryimage"},"image":{"@id":"https:\/\/www.launchworks.co\/fr\/nos-clients\/plateformes-et-places-de-marche\/#primaryimage"},"thumbnailUrl":"https:\/\/www.launchworks.co\/wp-content\/uploads\/2015\/10\/launchworks-thumb-clients-platforms-marketplaces-01.jpg","datePublished":"2022-01-05T16:00:42+00:00","dateModified":"2022-01-20T21:34:40+00:00","description":"Launchworks a d\u00e9velopp\u00e9 des cadres et des mod\u00e8les propri\u00e9taires pour relever les principaux d\u00e9fis de croissance des plateformes et des places de march\u00e9.","breadcrumb":{"@id":"https:\/\/www.launchworks.co\/fr\/nos-clients\/plateformes-et-places-de-marche\/#breadcrumb"},"inLanguage":"fr-FR","potentialAction":[{"@type":"ReadAction","target":["https:\/\/www.launchworks.co\/fr\/nos-clients\/plateformes-et-places-de-marche\/"]}]},{"@type":"ImageObject","inLanguage":"fr-FR","@id":"https:\/\/www.launchworks.co\/fr\/nos-clients\/plateformes-et-places-de-marche\/#primaryimage","url":"https:\/\/www.launchworks.co\/wp-content\/uploads\/2015\/10\/launchworks-thumb-clients-platforms-marketplaces-01.jpg","contentUrl":"https:\/\/www.launchworks.co\/wp-content\/uploads\/2015\/10\/launchworks-thumb-clients-platforms-marketplaces-01.jpg","width":400,"height":200},{"@type":"BreadcrumbList","@id":"https:\/\/www.launchworks.co\/fr\/nos-clients\/plateformes-et-places-de-marche\/#breadcrumb","itemListElement":[{"@type":"ListItem","position":1,"name":"Home","item":"https:\/\/www.launchworks.co\/fr\/"},{"@type":"ListItem","position":2,"name":"Nos clients","item":"https:\/\/www.launchworks.co\/fr\/nos-clients\/"},{"@type":"ListItem","position":3,"name":"Plateformes et places de march\u00e9"}]},{"@type":"WebSite","@id":"https:\/\/www.launchworks.co\/fr\/#website","url":"https:\/\/www.launchworks.co\/fr\/","name":"Launchworks Ventures Ltd.","description":"","potentialAction":[{"@type":"SearchAction","target":{"@type":"EntryPoint","urlTemplate":"https:\/\/www.launchworks.co\/fr\/?s={search_term_string}"},"query-input":{"@type":"PropertyValueSpecification","valueRequired":true,"valueName":"search_term_string"}}],"inLanguage":"fr-FR"}]}},"_links":{"self":[{"href":"https:\/\/www.launchworks.co\/fr\/wp-json\/wp\/v2\/pages\/10848","targetHints":{"allow":["GET"]}}],"collection":[{"href":"https:\/\/www.launchworks.co\/fr\/wp-json\/wp\/v2\/pages"}],"about":[{"href":"https:\/\/www.launchworks.co\/fr\/wp-json\/wp\/v2\/types\/page"}],"author":[{"embeddable":true,"href":"https:\/\/www.launchworks.co\/fr\/wp-json\/wp\/v2\/users\/3"}],"replies":[{"embeddable":true,"href":"https:\/\/www.launchworks.co\/fr\/wp-json\/wp\/v2\/comments?post=10848"}],"version-history":[{"count":6,"href":"https:\/\/www.launchworks.co\/fr\/wp-json\/wp\/v2\/pages\/10848\/revisions"}],"predecessor-version":[{"id":11514,"href":"https:\/\/www.launchworks.co\/fr\/wp-json\/wp\/v2\/pages\/10848\/revisions\/11514"}],"up":[{"embeddable":true,"href":"https:\/\/www.launchworks.co\/fr\/wp-json\/wp\/v2\/pages\/10762"}],"wp:featuredmedia":[{"embeddable":true,"href":"https:\/\/www.launchworks.co\/fr\/wp-json\/wp\/v2\/media\/10117"}],"wp:attachment":[{"href":"https:\/\/www.launchworks.co\/fr\/wp-json\/wp\/v2\/media?parent=10848"}],"curies":[{"name":"wp","href":"https:\/\/api.w.org\/{rel}","templated":true}]}}