{"id":11349,"date":"2022-01-20T17:28:24","date_gmt":"2022-01-20T17:28:24","guid":{"rendered":"https:\/\/www.launchworks.co\/?page_id=11349"},"modified":"2022-01-20T17:28:24","modified_gmt":"2022-01-20T17:28:24","slug":"heloise-aboulker","status":"publish","type":"page","link":"https:\/\/www.launchworks.co\/fr\/a-propos\/heloise-aboulker\/","title":{"rendered":"H\u00e9lo\u00efse Aboulker"},"content":{"rendered":"<p>H\u00e9lo\u00efse Aboulker est une experte exp\u00e9rience clients chez Launchworks &amp; Co et se sp\u00e9cialise dans la strat\u00e9gie des marketplaces, le d\u00e9veloppement de nouveaux produits et l&rsquo;exp\u00e9rience client. H\u00e9lo\u00efse a 15 ans d&rsquo;exp\u00e9rience commerciale, op\u00e9rationnelle et strat\u00e9gique dans le domaine des marketplaces, de l&rsquo;ecommerce, du venture development et du conseil.<br \/>\nAvant de rejoindre Launchworks &amp; Co, H\u00e9lo\u00efse \u00e9tait COO chez In Motion Ventures, l&rsquo;incubateur et la branche VC de Jaguar Land Rover, qu&rsquo;elle a d\u00e9velopp\u00e9 de toutes pi\u00e8ces. Avant cela, elle a pass\u00e9 huit ans chez eBay Europe, o\u00f9 elle a occup\u00e9 plusieurs postes \u00e0 responsabilit\u00e9, dirigeant des \u00e9quipes et cr\u00e9ant des exp\u00e9riences client exceptionnelles. Combinant rigueur analytique et commerciale avec un flair pour les besoins clients, H\u00e9lo\u00efse a contribu\u00e9 de mani\u00e8re significative aux domaines de la confiance et de l&rsquo;exp\u00e9rience vendeurs qu&rsquo;elle a optimis\u00e9s pour les vendeurs grand public et professionnels. Elle a \u00e9galement d\u00e9velopp\u00e9 et lanc\u00e9 de nouveaux produits innovants comme eBay Neighbourhood et la vente assist\u00e9e eBay.<br \/>\nAvant de rejoindre eBay, H\u00e9lo\u00efse a travaill\u00e9 en tant que consultante en strat\u00e9gie pour McKinsey sur diverses missions dans les secteurs de la sant\u00e9, de la vente au d\u00e9tail, des biens de grande consommation et du public.<br \/>\nPassionn\u00e9e par l&rsquo;innovation technique et la cr\u00e9ation d&rsquo;entreprises digitales, en particulier dans les entreprises en phase de croissance, H\u00e9lo\u00efse a travaill\u00e9 avec des organisations de toutes tailles, ayant occup\u00e9 des postes de direction \u00e0 la fois dans des start-ups et des grandes entreprises.<\/p>\n<p>Chez Launchworks &amp; Co, H\u00e9lo\u00efse est sp\u00e9cialis\u00e9e dans la cr\u00e9ation, le lancement et la mise \u00e0 l&rsquo;\u00e9chelle d&rsquo;exp\u00e9riences client uniques. Cela inclut le d\u00e9veloppement des besoins clients, la conception de l&rsquo;exp\u00e9rience client, le d\u00e9veloppement it\u00e9ratif de produits et de m\u00e9thodes de r\u00e9f\u00e9rence d&rsquo;acquisition clients n\u00e9cessaires pour mettre \u00e0 l&rsquo;\u00e9chelle des mod\u00e8les \u00e9conomiques innovants.<br \/>\nH\u00e9lo\u00efse est titulaire d&rsquo;un MBA de l&rsquo;INSEAD. Elle est \u00e9galement juriste de formation (ma\u00eetrise en droit de la Sorbonne, LLM en droit commercial de l&rsquo;universit\u00e9 de Bristol et dipl\u00f4me de troisi\u00e8me cycle en droit du College of Law de Londres).<\/p>\n","protected":false},"excerpt":{"rendered":"<p>H\u00e9lo\u00efse Aboulker est une experte exp\u00e9rience clients chez Launchworks &amp; Co et se sp\u00e9cialise dans la strat\u00e9gie des marketplaces, le d\u00e9veloppement de nouveaux produits et l&rsquo;exp\u00e9rience client. H\u00e9lo\u00efse a 15 ans d&rsquo;exp\u00e9rience commerciale, op\u00e9rationnelle et strat\u00e9gique dans le domaine des marketplaces, de l&rsquo;ecommerce, du venture development et du conseil. Avant de rejoindre Launchworks &amp; Co,&hellip; <a class=\"read-more\" href=\"https:\/\/www.launchworks.co\/fr\/a-propos\/heloise-aboulker\/\">Read More<\/a><\/p>\n","protected":false},"author":4,"featured_media":11441,"parent":10732,"menu_order":0,"comment_status":"closed","ping_status":"closed","template":"page-launchworks-team-member.php","meta":{"_acf_changed":false,"content-type":"","footnotes":""},"class_list":["post-11349","page","type-page","status-publish","has-post-thumbnail","hentry"],"acf":[],"yoast_head":"<!-- This site is optimized with the Yoast SEO Premium plugin v27.3 (Yoast SEO v27.2) - https:\/\/yoast.com\/product\/yoast-seo-premium-wordpress\/ -->\n<title>H\u00e9lo\u00efse Aboulker est experte exp\u00e9rience clients chez Launchworks &amp; Co<\/title>\n<meta name=\"description\" content=\"H\u00e9lo\u00efse Aboulker est passionn\u00e9e par la concr\u00e9tisation de l&#039;innovation et les exp\u00e9riences clients exceptionnelles.\" \/>\n<meta name=\"robots\" content=\"index, follow, max-snippet:-1, max-image-preview:large, max-video-preview:-1\" \/>\n<link rel=\"canonical\" href=\"https:\/\/www.launchworks.co\/fr\/a-propos\/heloise-aboulker\/\" \/>\n<meta property=\"og:locale\" content=\"fr_FR\" \/>\n<meta property=\"og:type\" content=\"article\" \/>\n<meta property=\"og:title\" content=\"H\u00e9lo\u00efse Aboulker est experte exp\u00e9rience clients chez Launchworks &amp; Co\" \/>\n<meta property=\"og:description\" content=\"H\u00e9lo\u00efse Aboulker est passionn\u00e9e par la concr\u00e9tisation de l&#039;innovation et les exp\u00e9riences clients exceptionnelles.\" \/>\n<meta property=\"og:url\" content=\"https:\/\/www.launchworks.co\/fr\/a-propos\/heloise-aboulker\/\" \/>\n<meta property=\"og:site_name\" content=\"Launchworks Ventures Ltd.\" \/>\n<meta property=\"og:image\" content=\"https:\/\/www.launchworks.co\/wp-content\/uploads\/2022\/01\/Heloise-picture-BW.png\" \/>\n\t<meta property=\"og:image:width\" content=\"393\" \/>\n\t<meta property=\"og:image:height\" content=\"412\" \/>\n\t<meta property=\"og:image:type\" content=\"image\/png\" \/>\n<meta name=\"twitter:card\" content=\"summary_large_image\" \/>\n<meta name=\"twitter:site\" content=\"@LaunchworksV\" \/>\n<meta name=\"twitter:label1\" content=\"Dur\u00e9e de lecture estim\u00e9e\" \/>\n\t<meta name=\"twitter:data1\" content=\"2 minutes\" \/>\n<script type=\"application\/ld+json\" class=\"yoast-schema-graph\">{\"@context\":\"https:\/\/schema.org\",\"@graph\":[{\"@type\":\"WebPage\",\"@id\":\"https:\/\/www.launchworks.co\/fr\/a-propos\/heloise-aboulker\/\",\"url\":\"https:\/\/www.launchworks.co\/fr\/a-propos\/heloise-aboulker\/\",\"name\":\"H\u00e9lo\u00efse Aboulker est experte exp\u00e9rience clients chez Launchworks & Co\",\"isPartOf\":{\"@id\":\"https:\/\/www.launchworks.co\/fr\/#website\"},\"primaryImageOfPage\":{\"@id\":\"https:\/\/www.launchworks.co\/fr\/a-propos\/heloise-aboulker\/#primaryimage\"},\"image\":{\"@id\":\"https:\/\/www.launchworks.co\/fr\/a-propos\/heloise-aboulker\/#primaryimage\"},\"thumbnailUrl\":\"https:\/\/www.launchworks.co\/wp-content\/uploads\/2022\/01\/Heloise-picture-BW.png\",\"datePublished\":\"2022-01-20T17:28:24+00:00\",\"description\":\"H\u00e9lo\u00efse Aboulker est passionn\u00e9e par la concr\u00e9tisation de l'innovation et les exp\u00e9riences clients exceptionnelles.\",\"breadcrumb\":{\"@id\":\"https:\/\/www.launchworks.co\/fr\/a-propos\/heloise-aboulker\/#breadcrumb\"},\"inLanguage\":\"fr-FR\",\"potentialAction\":[{\"@type\":\"ReadAction\",\"target\":[\"https:\/\/www.launchworks.co\/fr\/a-propos\/heloise-aboulker\/\"]}]},{\"@type\":\"ImageObject\",\"inLanguage\":\"fr-FR\",\"@id\":\"https:\/\/www.launchworks.co\/fr\/a-propos\/heloise-aboulker\/#primaryimage\",\"url\":\"https:\/\/www.launchworks.co\/wp-content\/uploads\/2022\/01\/Heloise-picture-BW.png\",\"contentUrl\":\"https:\/\/www.launchworks.co\/wp-content\/uploads\/2022\/01\/Heloise-picture-BW.png\",\"width\":393,\"height\":412,\"caption\":\"Heloise Aboulker\"},{\"@type\":\"BreadcrumbList\",\"@id\":\"https:\/\/www.launchworks.co\/fr\/a-propos\/heloise-aboulker\/#breadcrumb\",\"itemListElement\":[{\"@type\":\"ListItem\",\"position\":1,\"name\":\"Home\",\"item\":\"https:\/\/www.launchworks.co\/fr\/\"},{\"@type\":\"ListItem\",\"position\":2,\"name\":\"A propos\",\"item\":\"https:\/\/www.launchworks.co\/fr\/a-propos\/\"},{\"@type\":\"ListItem\",\"position\":3,\"name\":\"H\u00e9lo\u00efse Aboulker\"}]},{\"@type\":\"WebSite\",\"@id\":\"https:\/\/www.launchworks.co\/fr\/#website\",\"url\":\"https:\/\/www.launchworks.co\/fr\/\",\"name\":\"Launchworks Ventures Ltd.\",\"description\":\"\",\"potentialAction\":[{\"@type\":\"SearchAction\",\"target\":{\"@type\":\"EntryPoint\",\"urlTemplate\":\"https:\/\/www.launchworks.co\/fr\/?s={search_term_string}\"},\"query-input\":{\"@type\":\"PropertyValueSpecification\",\"valueRequired\":true,\"valueName\":\"search_term_string\"}}],\"inLanguage\":\"fr-FR\"}]}<\/script>\n<!-- \/ Yoast SEO Premium plugin. -->","yoast_head_json":{"title":"H\u00e9lo\u00efse Aboulker est experte exp\u00e9rience clients chez Launchworks & Co","description":"H\u00e9lo\u00efse Aboulker est passionn\u00e9e par la concr\u00e9tisation de l'innovation et les exp\u00e9riences clients exceptionnelles.","robots":{"index":"index","follow":"follow","max-snippet":"max-snippet:-1","max-image-preview":"max-image-preview:large","max-video-preview":"max-video-preview:-1"},"canonical":"https:\/\/www.launchworks.co\/fr\/a-propos\/heloise-aboulker\/","og_locale":"fr_FR","og_type":"article","og_title":"H\u00e9lo\u00efse Aboulker est experte exp\u00e9rience clients chez Launchworks & Co","og_description":"H\u00e9lo\u00efse Aboulker est passionn\u00e9e par la concr\u00e9tisation de l'innovation et les exp\u00e9riences clients exceptionnelles.","og_url":"https:\/\/www.launchworks.co\/fr\/a-propos\/heloise-aboulker\/","og_site_name":"Launchworks Ventures Ltd.","og_image":[{"width":393,"height":412,"url":"https:\/\/www.launchworks.co\/wp-content\/uploads\/2022\/01\/Heloise-picture-BW.png","type":"image\/png"}],"twitter_card":"summary_large_image","twitter_site":"@LaunchworksV","twitter_misc":{"Dur\u00e9e de lecture estim\u00e9e":"2 minutes"},"schema":{"@context":"https:\/\/schema.org","@graph":[{"@type":"WebPage","@id":"https:\/\/www.launchworks.co\/fr\/a-propos\/heloise-aboulker\/","url":"https:\/\/www.launchworks.co\/fr\/a-propos\/heloise-aboulker\/","name":"H\u00e9lo\u00efse Aboulker est experte exp\u00e9rience clients chez Launchworks & Co","isPartOf":{"@id":"https:\/\/www.launchworks.co\/fr\/#website"},"primaryImageOfPage":{"@id":"https:\/\/www.launchworks.co\/fr\/a-propos\/heloise-aboulker\/#primaryimage"},"image":{"@id":"https:\/\/www.launchworks.co\/fr\/a-propos\/heloise-aboulker\/#primaryimage"},"thumbnailUrl":"https:\/\/www.launchworks.co\/wp-content\/uploads\/2022\/01\/Heloise-picture-BW.png","datePublished":"2022-01-20T17:28:24+00:00","description":"H\u00e9lo\u00efse Aboulker est passionn\u00e9e par la concr\u00e9tisation de l'innovation et les exp\u00e9riences clients exceptionnelles.","breadcrumb":{"@id":"https:\/\/www.launchworks.co\/fr\/a-propos\/heloise-aboulker\/#breadcrumb"},"inLanguage":"fr-FR","potentialAction":[{"@type":"ReadAction","target":["https:\/\/www.launchworks.co\/fr\/a-propos\/heloise-aboulker\/"]}]},{"@type":"ImageObject","inLanguage":"fr-FR","@id":"https:\/\/www.launchworks.co\/fr\/a-propos\/heloise-aboulker\/#primaryimage","url":"https:\/\/www.launchworks.co\/wp-content\/uploads\/2022\/01\/Heloise-picture-BW.png","contentUrl":"https:\/\/www.launchworks.co\/wp-content\/uploads\/2022\/01\/Heloise-picture-BW.png","width":393,"height":412,"caption":"Heloise Aboulker"},{"@type":"BreadcrumbList","@id":"https:\/\/www.launchworks.co\/fr\/a-propos\/heloise-aboulker\/#breadcrumb","itemListElement":[{"@type":"ListItem","position":1,"name":"Home","item":"https:\/\/www.launchworks.co\/fr\/"},{"@type":"ListItem","position":2,"name":"A propos","item":"https:\/\/www.launchworks.co\/fr\/a-propos\/"},{"@type":"ListItem","position":3,"name":"H\u00e9lo\u00efse Aboulker"}]},{"@type":"WebSite","@id":"https:\/\/www.launchworks.co\/fr\/#website","url":"https:\/\/www.launchworks.co\/fr\/","name":"Launchworks Ventures Ltd.","description":"","potentialAction":[{"@type":"SearchAction","target":{"@type":"EntryPoint","urlTemplate":"https:\/\/www.launchworks.co\/fr\/?s={search_term_string}"},"query-input":{"@type":"PropertyValueSpecification","valueRequired":true,"valueName":"search_term_string"}}],"inLanguage":"fr-FR"}]}},"_links":{"self":[{"href":"https:\/\/www.launchworks.co\/fr\/wp-json\/wp\/v2\/pages\/11349","targetHints":{"allow":["GET"]}}],"collection":[{"href":"https:\/\/www.launchworks.co\/fr\/wp-json\/wp\/v2\/pages"}],"about":[{"href":"https:\/\/www.launchworks.co\/fr\/wp-json\/wp\/v2\/types\/page"}],"author":[{"embeddable":true,"href":"https:\/\/www.launchworks.co\/fr\/wp-json\/wp\/v2\/users\/4"}],"replies":[{"embeddable":true,"href":"https:\/\/www.launchworks.co\/fr\/wp-json\/wp\/v2\/comments?post=11349"}],"version-history":[{"count":5,"href":"https:\/\/www.launchworks.co\/fr\/wp-json\/wp\/v2\/pages\/11349\/revisions"}],"predecessor-version":[{"id":11444,"href":"https:\/\/www.launchworks.co\/fr\/wp-json\/wp\/v2\/pages\/11349\/revisions\/11444"}],"up":[{"embeddable":true,"href":"https:\/\/www.launchworks.co\/fr\/wp-json\/wp\/v2\/pages\/10732"}],"wp:featuredmedia":[{"embeddable":true,"href":"https:\/\/www.launchworks.co\/fr\/wp-json\/wp\/v2\/media\/11441"}],"wp:attachment":[{"href":"https:\/\/www.launchworks.co\/fr\/wp-json\/wp\/v2\/media?parent=11349"}],"curies":[{"name":"wp","href":"https:\/\/api.w.org\/{rel}","templated":true}]}}