{"id":11351,"date":"2022-01-20T11:35:49","date_gmt":"2022-01-20T11:35:49","guid":{"rendered":"https:\/\/www.launchworks.co\/a-propos\/jenny-millar\/"},"modified":"2022-01-20T17:20:41","modified_gmt":"2022-01-20T17:20:41","slug":"jenny-millar","status":"publish","type":"page","link":"https:\/\/www.launchworks.co\/fr\/a-propos\/jenny-millar\/","title":{"rendered":"Jenny Millar"},"content":{"rendered":"<p>Jenny Millar est Platform Analytics Architect chez Launchworks &amp; Co. Elle est sp\u00e9cialis\u00e9e dans l&rsquo;analyse, la tarification, les strat\u00e9gies de marketplaces et l&rsquo;optimisation de l&rsquo;exp\u00e9rience client. Jenny a 15 ans d&rsquo;exp\u00e9rience commerciale, op\u00e9rationnelle et analytique dans l&rsquo;ecommerce, la banque et le conseil.<\/p>\n<p>Avant de rejoindre Launchworks &amp; Co, Jenny a pass\u00e9 10 ans chez eBay Europe, o\u00f9 elle a occup\u00e9 plusieurs postes \u00e0 responsabilit\u00e9, en \u00e9laborant des propositions uniques pour les clients. Alliant rigueur analytique et sens commercial, Jenny a \u00e9labor\u00e9 une strat\u00e9gie de tarification et de promotion B2C et C2C, fourni des analyses comportementales avanc\u00e9es pour fa\u00e7onner l&rsquo;optimisation de la plateforme et dirig\u00e9 l&rsquo;ex\u00e9cution de strat\u00e9gies it\u00e9ratives pour transformer des secteurs d&rsquo;activit\u00e9 sous-performants.<\/p>\n<p>Passionn\u00e9e par l&rsquo;entrepreneuriat et l&rsquo;innovation dans la tech, Jenny conseille des startups et soutient le programme d&rsquo;acc\u00e9l\u00e9ration MassChallenge via du mentorat, des \u00e9valuations et de l&rsquo;investissement.<\/p>\n<p>Chez Launchworks &amp; Co, Jenny est sp\u00e9cialis\u00e9e dans le d\u00e9veloppement de la valeur pour les plateformes aupr\u00e8s de start-ups en exploitant les donn\u00e9es clients et en identifiant les opportunit\u00e9s naissantes d&rsquo;influencer les comportements qui lib\u00e9reront la croissance des plateformes. Cela inclut le d\u00e9veloppement de la tarification, de m\u00e9thodes de r\u00e9f\u00e9rence pour les donn\u00e9es et de l&rsquo;optimisation de l&rsquo;exp\u00e9rience client n\u00e9cessaires \u00e0 la mise \u00e0 l&rsquo;\u00e9chelle de mod\u00e8les \u00e9conomiques innovants.<\/p>\n<p>Avant d&rsquo;entrer chez eBay, Jenny a d\u00e9velopp\u00e9 et mis en pratique des m\u00e9thodes d&rsquo;analyses dans le conseil, la banque et des entreprises du Fortune 500. Elle est titulaire d&rsquo;un BSc (Hons) en Math\u00e9matiques et Astronomie de l&rsquo;universit\u00e9 de Sheffield.<\/p>\n","protected":false},"excerpt":{"rendered":"<p>Jenny Millar est Platform Analytics Architect chez Launchworks &amp; Co. Elle est sp\u00e9cialis\u00e9e dans l&rsquo;analyse, la tarification, les strat\u00e9gies de marketplaces et l&rsquo;optimisation de l&rsquo;exp\u00e9rience client. Jenny a 15 ans d&rsquo;exp\u00e9rience commerciale, op\u00e9rationnelle et analytique dans l&rsquo;ecommerce, la banque et le conseil. Avant de rejoindre Launchworks &amp; Co, Jenny a pass\u00e9 10 ans chez eBay&hellip; <a class=\"read-more\" href=\"https:\/\/www.launchworks.co\/fr\/a-propos\/jenny-millar\/\">Read More<\/a><\/p>\n","protected":false},"author":3,"featured_media":10263,"parent":10732,"menu_order":0,"comment_status":"closed","ping_status":"closed","template":"page-launchworks-team-member.php","meta":{"_acf_changed":false,"content-type":"","footnotes":""},"class_list":["post-11351","page","type-page","status-publish","has-post-thumbnail","hentry"],"acf":[],"yoast_head":"<!-- This site is optimized with the Yoast SEO Premium plugin v27.3 (Yoast SEO v27.2) - https:\/\/yoast.com\/product\/yoast-seo-premium-wordpress\/ -->\n<title>Jenny Millar est Platform Analytics Architect chez Launchworks &amp; Co<\/title>\n<meta name=\"description\" content=\"Jenny Millar est Platform Analytics Architect chez Launchworks &amp; Co. Elle est sp\u00e9cialis\u00e9e dans l&#039;analyse, la tarification, les strat\u00e9gies de marketplaces et l&#039;optimisation de l&#039;exp\u00e9rience client. Elle a auparavant occup\u00e9 des postes de direction chez eBay Europe et conseille des start-ups en forte croissance.\" \/>\n<meta name=\"robots\" content=\"index, follow, max-snippet:-1, max-image-preview:large, max-video-preview:-1\" \/>\n<link rel=\"canonical\" href=\"https:\/\/www.launchworks.co\/fr\/a-propos\/jenny-millar\/\" \/>\n<meta property=\"og:locale\" content=\"fr_FR\" \/>\n<meta property=\"og:type\" content=\"article\" \/>\n<meta property=\"og:title\" content=\"Jenny Millar est Platform Analytics Architect chez Launchworks &amp; Co\" \/>\n<meta property=\"og:description\" content=\"Jenny Millar est Platform Analytics Architect chez Launchworks &amp; Co. Elle est sp\u00e9cialis\u00e9e dans l&#039;analyse, la tarification, les strat\u00e9gies de marketplaces et l&#039;optimisation de l&#039;exp\u00e9rience client. Elle a auparavant occup\u00e9 des postes de direction chez eBay Europe et conseille des start-ups en forte croissance.\" \/>\n<meta property=\"og:url\" content=\"https:\/\/www.launchworks.co\/fr\/a-propos\/jenny-millar\/\" \/>\n<meta property=\"og:site_name\" content=\"Launchworks Ventures Ltd.\" \/>\n<meta property=\"article:modified_time\" content=\"2022-01-20T17:20:41+00:00\" \/>\n<meta property=\"og:image\" content=\"https:\/\/www.launchworks.co\/wp-content\/uploads\/2017\/12\/launchworks-platform-analytics-architect-jenny-millar.jpg\" \/>\n\t<meta property=\"og:image:width\" content=\"300\" \/>\n\t<meta property=\"og:image:height\" content=\"300\" \/>\n\t<meta property=\"og:image:type\" content=\"image\/jpeg\" \/>\n<meta name=\"twitter:card\" content=\"summary_large_image\" \/>\n<meta name=\"twitter:site\" content=\"@LaunchworksV\" \/>\n<meta name=\"twitter:label1\" content=\"Dur\u00e9e de lecture estim\u00e9e\" \/>\n\t<meta name=\"twitter:data1\" content=\"1 minute\" \/>\n<script type=\"application\/ld+json\" class=\"yoast-schema-graph\">{\"@context\":\"https:\/\/schema.org\",\"@graph\":[{\"@type\":\"WebPage\",\"@id\":\"https:\/\/www.launchworks.co\/fr\/a-propos\/jenny-millar\/\",\"url\":\"https:\/\/www.launchworks.co\/fr\/a-propos\/jenny-millar\/\",\"name\":\"Jenny Millar est Platform Analytics Architect chez Launchworks & Co\",\"isPartOf\":{\"@id\":\"https:\/\/www.launchworks.co\/fr\/#website\"},\"primaryImageOfPage\":{\"@id\":\"https:\/\/www.launchworks.co\/fr\/a-propos\/jenny-millar\/#primaryimage\"},\"image\":{\"@id\":\"https:\/\/www.launchworks.co\/fr\/a-propos\/jenny-millar\/#primaryimage\"},\"thumbnailUrl\":\"https:\/\/www.launchworks.co\/wp-content\/uploads\/2017\/12\/launchworks-platform-analytics-architect-jenny-millar.jpg\",\"datePublished\":\"2022-01-20T11:35:49+00:00\",\"dateModified\":\"2022-01-20T17:20:41+00:00\",\"description\":\"Jenny Millar est Platform Analytics Architect chez Launchworks & Co. Elle est sp\u00e9cialis\u00e9e dans l'analyse, la tarification, les strat\u00e9gies de marketplaces et l'optimisation de l'exp\u00e9rience client. Elle a auparavant occup\u00e9 des postes de direction chez eBay Europe et conseille des start-ups en forte croissance.\",\"breadcrumb\":{\"@id\":\"https:\/\/www.launchworks.co\/fr\/a-propos\/jenny-millar\/#breadcrumb\"},\"inLanguage\":\"fr-FR\",\"potentialAction\":[{\"@type\":\"ReadAction\",\"target\":[\"https:\/\/www.launchworks.co\/fr\/a-propos\/jenny-millar\/\"]}]},{\"@type\":\"ImageObject\",\"inLanguage\":\"fr-FR\",\"@id\":\"https:\/\/www.launchworks.co\/fr\/a-propos\/jenny-millar\/#primaryimage\",\"url\":\"https:\/\/www.launchworks.co\/wp-content\/uploads\/2017\/12\/launchworks-platform-analytics-architect-jenny-millar.jpg\",\"contentUrl\":\"https:\/\/www.launchworks.co\/wp-content\/uploads\/2017\/12\/launchworks-platform-analytics-architect-jenny-millar.jpg\",\"width\":300,\"height\":300},{\"@type\":\"BreadcrumbList\",\"@id\":\"https:\/\/www.launchworks.co\/fr\/a-propos\/jenny-millar\/#breadcrumb\",\"itemListElement\":[{\"@type\":\"ListItem\",\"position\":1,\"name\":\"Home\",\"item\":\"https:\/\/www.launchworks.co\/fr\/\"},{\"@type\":\"ListItem\",\"position\":2,\"name\":\"A propos\",\"item\":\"https:\/\/www.launchworks.co\/fr\/a-propos\/\"},{\"@type\":\"ListItem\",\"position\":3,\"name\":\"Jenny Millar\"}]},{\"@type\":\"WebSite\",\"@id\":\"https:\/\/www.launchworks.co\/fr\/#website\",\"url\":\"https:\/\/www.launchworks.co\/fr\/\",\"name\":\"Launchworks Ventures Ltd.\",\"description\":\"\",\"potentialAction\":[{\"@type\":\"SearchAction\",\"target\":{\"@type\":\"EntryPoint\",\"urlTemplate\":\"https:\/\/www.launchworks.co\/fr\/?s={search_term_string}\"},\"query-input\":{\"@type\":\"PropertyValueSpecification\",\"valueRequired\":true,\"valueName\":\"search_term_string\"}}],\"inLanguage\":\"fr-FR\"}]}<\/script>\n<!-- \/ Yoast SEO Premium plugin. -->","yoast_head_json":{"title":"Jenny Millar est Platform Analytics Architect chez Launchworks & Co","description":"Jenny Millar est Platform Analytics Architect chez Launchworks & Co. Elle est sp\u00e9cialis\u00e9e dans l'analyse, la tarification, les strat\u00e9gies de marketplaces et l'optimisation de l'exp\u00e9rience client. Elle a auparavant occup\u00e9 des postes de direction chez eBay Europe et conseille des start-ups en forte croissance.","robots":{"index":"index","follow":"follow","max-snippet":"max-snippet:-1","max-image-preview":"max-image-preview:large","max-video-preview":"max-video-preview:-1"},"canonical":"https:\/\/www.launchworks.co\/fr\/a-propos\/jenny-millar\/","og_locale":"fr_FR","og_type":"article","og_title":"Jenny Millar est Platform Analytics Architect chez Launchworks & Co","og_description":"Jenny Millar est Platform Analytics Architect chez Launchworks & Co. Elle est sp\u00e9cialis\u00e9e dans l'analyse, la tarification, les strat\u00e9gies de marketplaces et l'optimisation de l'exp\u00e9rience client. Elle a auparavant occup\u00e9 des postes de direction chez eBay Europe et conseille des start-ups en forte croissance.","og_url":"https:\/\/www.launchworks.co\/fr\/a-propos\/jenny-millar\/","og_site_name":"Launchworks Ventures Ltd.","article_modified_time":"2022-01-20T17:20:41+00:00","og_image":[{"width":300,"height":300,"url":"https:\/\/www.launchworks.co\/wp-content\/uploads\/2017\/12\/launchworks-platform-analytics-architect-jenny-millar.jpg","type":"image\/jpeg"}],"twitter_card":"summary_large_image","twitter_site":"@LaunchworksV","twitter_misc":{"Dur\u00e9e de lecture estim\u00e9e":"1 minute"},"schema":{"@context":"https:\/\/schema.org","@graph":[{"@type":"WebPage","@id":"https:\/\/www.launchworks.co\/fr\/a-propos\/jenny-millar\/","url":"https:\/\/www.launchworks.co\/fr\/a-propos\/jenny-millar\/","name":"Jenny Millar est Platform Analytics Architect chez Launchworks & Co","isPartOf":{"@id":"https:\/\/www.launchworks.co\/fr\/#website"},"primaryImageOfPage":{"@id":"https:\/\/www.launchworks.co\/fr\/a-propos\/jenny-millar\/#primaryimage"},"image":{"@id":"https:\/\/www.launchworks.co\/fr\/a-propos\/jenny-millar\/#primaryimage"},"thumbnailUrl":"https:\/\/www.launchworks.co\/wp-content\/uploads\/2017\/12\/launchworks-platform-analytics-architect-jenny-millar.jpg","datePublished":"2022-01-20T11:35:49+00:00","dateModified":"2022-01-20T17:20:41+00:00","description":"Jenny Millar est Platform Analytics Architect chez Launchworks & Co. Elle est sp\u00e9cialis\u00e9e dans l'analyse, la tarification, les strat\u00e9gies de marketplaces et l'optimisation de l'exp\u00e9rience client. Elle a auparavant occup\u00e9 des postes de direction chez eBay Europe et conseille des start-ups en forte croissance.","breadcrumb":{"@id":"https:\/\/www.launchworks.co\/fr\/a-propos\/jenny-millar\/#breadcrumb"},"inLanguage":"fr-FR","potentialAction":[{"@type":"ReadAction","target":["https:\/\/www.launchworks.co\/fr\/a-propos\/jenny-millar\/"]}]},{"@type":"ImageObject","inLanguage":"fr-FR","@id":"https:\/\/www.launchworks.co\/fr\/a-propos\/jenny-millar\/#primaryimage","url":"https:\/\/www.launchworks.co\/wp-content\/uploads\/2017\/12\/launchworks-platform-analytics-architect-jenny-millar.jpg","contentUrl":"https:\/\/www.launchworks.co\/wp-content\/uploads\/2017\/12\/launchworks-platform-analytics-architect-jenny-millar.jpg","width":300,"height":300},{"@type":"BreadcrumbList","@id":"https:\/\/www.launchworks.co\/fr\/a-propos\/jenny-millar\/#breadcrumb","itemListElement":[{"@type":"ListItem","position":1,"name":"Home","item":"https:\/\/www.launchworks.co\/fr\/"},{"@type":"ListItem","position":2,"name":"A propos","item":"https:\/\/www.launchworks.co\/fr\/a-propos\/"},{"@type":"ListItem","position":3,"name":"Jenny Millar"}]},{"@type":"WebSite","@id":"https:\/\/www.launchworks.co\/fr\/#website","url":"https:\/\/www.launchworks.co\/fr\/","name":"Launchworks Ventures Ltd.","description":"","potentialAction":[{"@type":"SearchAction","target":{"@type":"EntryPoint","urlTemplate":"https:\/\/www.launchworks.co\/fr\/?s={search_term_string}"},"query-input":{"@type":"PropertyValueSpecification","valueRequired":true,"valueName":"search_term_string"}}],"inLanguage":"fr-FR"}]}},"_links":{"self":[{"href":"https:\/\/www.launchworks.co\/fr\/wp-json\/wp\/v2\/pages\/11351","targetHints":{"allow":["GET"]}}],"collection":[{"href":"https:\/\/www.launchworks.co\/fr\/wp-json\/wp\/v2\/pages"}],"about":[{"href":"https:\/\/www.launchworks.co\/fr\/wp-json\/wp\/v2\/types\/page"}],"author":[{"embeddable":true,"href":"https:\/\/www.launchworks.co\/fr\/wp-json\/wp\/v2\/users\/3"}],"replies":[{"embeddable":true,"href":"https:\/\/www.launchworks.co\/fr\/wp-json\/wp\/v2\/comments?post=11351"}],"version-history":[{"count":5,"href":"https:\/\/www.launchworks.co\/fr\/wp-json\/wp\/v2\/pages\/11351\/revisions"}],"predecessor-version":[{"id":11451,"href":"https:\/\/www.launchworks.co\/fr\/wp-json\/wp\/v2\/pages\/11351\/revisions\/11451"}],"up":[{"embeddable":true,"href":"https:\/\/www.launchworks.co\/fr\/wp-json\/wp\/v2\/pages\/10732"}],"wp:featuredmedia":[{"embeddable":true,"href":"https:\/\/www.launchworks.co\/fr\/wp-json\/wp\/v2\/media\/10263"}],"wp:attachment":[{"href":"https:\/\/www.launchworks.co\/fr\/wp-json\/wp\/v2\/media?parent=11351"}],"curies":[{"name":"wp","href":"https:\/\/api.w.org\/{rel}","templated":true}]}}