{"id":11601,"date":"2022-01-23T13:20:13","date_gmt":"2022-01-23T13:20:13","guid":{"rendered":"https:\/\/www.launchworks.co\/politique-environnementale\/"},"modified":"2022-01-23T13:25:57","modified_gmt":"2022-01-23T13:25:57","slug":"politique-environnementale","status":"publish","type":"page","link":"https:\/\/www.launchworks.co\/fr\/politique-environnementale\/","title":{"rendered":"Politique environnementale"},"content":{"rendered":"<p>&nbsp;<\/p>\n<h4>Notre approche de la durabilit\u00e9<\/h4>\n<p>&nbsp;<\/p>\n<p>Launchworks &amp; Co s&rsquo;engage \u00e0 \u00eatre le leader de l&rsquo;industrie en minimisant l&rsquo;impact de ses activit\u00e9s sur l&rsquo;environnement.<\/p>\n<p>&nbsp;<\/p>\n<p>Les points cl\u00e9s de notre strat\u00e9gie pour y parvenir sont :<\/p>\n<p>&nbsp;<\/p>\n<ul>\n<li>Minimisez le gaspillage en \u00e9valuant les op\u00e9rations et en nous assurant qu&rsquo;elles sont aussi efficaces que possible.<\/li>\n<li>Minimiser les \u00e9missions toxiques gr\u00e2ce \u00e0 la s\u00e9lection et \u00e0 l&rsquo;utilisation de notre flotte et de la source des besoins en \u00e9nergie.<\/li>\n<li>Promouvoir activement le recyclage tant en interne qu&rsquo;aupr\u00e8s de nos clients et fournisseurs.<\/li>\n<li>Trouver et promouvoir une gamme de produits pour minimiser l&rsquo;impact environnemental de la production et de la distribution.<\/li>\n<li>Respecter ou d\u00e9passer toutes les l\u00e9gislations environnementales relatives \u00e0 la Soci\u00e9t\u00e9.<\/li>\n<li>Maximiser l&rsquo;utilisation des outils de communication num\u00e9riques et minimiser l&rsquo;utilisation d&rsquo;alternatives papier.<\/li>\n<\/ul>\n<p>&nbsp;<\/p>\n<p>Plus largement, la philosophie de Launchworks &amp; Co est de tirer parti du potentiel des plateformes num\u00e9riques pour rendre le monde plus durable.<\/p>\n<p>&nbsp;<\/p>\n<p>Beno\u00eet Reillier, Pr\u00e9sident Directeur G\u00e9n\u00e9ral<\/p>\n","protected":false},"excerpt":{"rendered":"<p>&nbsp; Notre approche de la durabilit\u00e9 &nbsp; Launchworks &amp; Co s&rsquo;engage \u00e0 \u00eatre le leader de l&rsquo;industrie en minimisant l&rsquo;impact de ses activit\u00e9s sur l&rsquo;environnement. &nbsp; Les points cl\u00e9s de notre strat\u00e9gie pour y parvenir sont : &nbsp; Minimisez le gaspillage en \u00e9valuant les op\u00e9rations et en nous assurant qu&rsquo;elles sont aussi efficaces que possible.&hellip; <a class=\"read-more\" href=\"https:\/\/www.launchworks.co\/fr\/politique-environnementale\/\">Read More<\/a><\/p>\n","protected":false},"author":4,"featured_media":0,"parent":0,"menu_order":0,"comment_status":"closed","ping_status":"closed","template":"page-nosidebar.php","meta":{"_acf_changed":false,"content-type":"","footnotes":""},"class_list":["post-11601","page","type-page","status-publish","hentry"],"acf":[],"yoast_head":"<!-- This site is optimized with the Yoast SEO Premium plugin v27.3 (Yoast SEO v27.2) - https:\/\/yoast.com\/product\/yoast-seo-premium-wordpress\/ -->\n<title>Politique environnementale - D\u00e9veloppement durable chez Launchworks &amp; Co<\/title>\n<meta name=\"description\" content=\"Launchworks &amp; Co a mis en place une politique environnementale pour r\u00e9pondre a l&#039;urgence de la crise climatique.\" \/>\n<meta name=\"robots\" content=\"index, follow, max-snippet:-1, max-image-preview:large, max-video-preview:-1\" \/>\n<link rel=\"canonical\" href=\"https:\/\/www.launchworks.co\/fr\/politique-environnementale\/\" \/>\n<meta property=\"og:locale\" content=\"fr_FR\" \/>\n<meta property=\"og:type\" content=\"article\" \/>\n<meta property=\"og:title\" content=\"Politique environnementale - D\u00e9veloppement durable chez Launchworks &amp; Co\" \/>\n<meta property=\"og:description\" content=\"Launchworks &amp; Co a mis en place une politique environnementale pour r\u00e9pondre a l&#039;urgence de la crise climatique.\" \/>\n<meta property=\"og:url\" content=\"https:\/\/www.launchworks.co\/fr\/politique-environnementale\/\" \/>\n<meta property=\"og:site_name\" content=\"Launchworks Ventures Ltd.\" \/>\n<meta property=\"article:modified_time\" content=\"2022-01-23T13:25:57+00:00\" \/>\n<meta name=\"twitter:card\" content=\"summary_large_image\" \/>\n<meta name=\"twitter:site\" content=\"@LaunchworksV\" \/>\n<meta name=\"twitter:label1\" content=\"Dur\u00e9e de lecture estim\u00e9e\" \/>\n\t<meta name=\"twitter:data1\" content=\"1 minute\" \/>\n<script type=\"application\/ld+json\" class=\"yoast-schema-graph\">{\"@context\":\"https:\/\/schema.org\",\"@graph\":[{\"@type\":\"WebPage\",\"@id\":\"https:\/\/www.launchworks.co\/fr\/politique-environnementale\/\",\"url\":\"https:\/\/www.launchworks.co\/fr\/politique-environnementale\/\",\"name\":\"Politique environnementale - D\u00e9veloppement durable chez Launchworks & Co\",\"isPartOf\":{\"@id\":\"https:\/\/www.launchworks.co\/fr\/#website\"},\"datePublished\":\"2022-01-23T13:20:13+00:00\",\"dateModified\":\"2022-01-23T13:25:57+00:00\",\"description\":\"Launchworks & Co a mis en place une politique environnementale pour r\u00e9pondre a l'urgence de la crise climatique.\",\"breadcrumb\":{\"@id\":\"https:\/\/www.launchworks.co\/fr\/politique-environnementale\/#breadcrumb\"},\"inLanguage\":\"fr-FR\",\"potentialAction\":[{\"@type\":\"ReadAction\",\"target\":[\"https:\/\/www.launchworks.co\/fr\/politique-environnementale\/\"]}]},{\"@type\":\"BreadcrumbList\",\"@id\":\"https:\/\/www.launchworks.co\/fr\/politique-environnementale\/#breadcrumb\",\"itemListElement\":[{\"@type\":\"ListItem\",\"position\":1,\"name\":\"Home\",\"item\":\"https:\/\/www.launchworks.co\/fr\/\"},{\"@type\":\"ListItem\",\"position\":2,\"name\":\"Politique environnementale\"}]},{\"@type\":\"WebSite\",\"@id\":\"https:\/\/www.launchworks.co\/fr\/#website\",\"url\":\"https:\/\/www.launchworks.co\/fr\/\",\"name\":\"Launchworks Ventures Ltd.\",\"description\":\"\",\"potentialAction\":[{\"@type\":\"SearchAction\",\"target\":{\"@type\":\"EntryPoint\",\"urlTemplate\":\"https:\/\/www.launchworks.co\/fr\/?s={search_term_string}\"},\"query-input\":{\"@type\":\"PropertyValueSpecification\",\"valueRequired\":true,\"valueName\":\"search_term_string\"}}],\"inLanguage\":\"fr-FR\"}]}<\/script>\n<!-- \/ Yoast SEO Premium plugin. -->","yoast_head_json":{"title":"Politique environnementale - D\u00e9veloppement durable chez Launchworks & Co","description":"Launchworks & Co a mis en place une politique environnementale pour r\u00e9pondre a l'urgence de la crise climatique.","robots":{"index":"index","follow":"follow","max-snippet":"max-snippet:-1","max-image-preview":"max-image-preview:large","max-video-preview":"max-video-preview:-1"},"canonical":"https:\/\/www.launchworks.co\/fr\/politique-environnementale\/","og_locale":"fr_FR","og_type":"article","og_title":"Politique environnementale - D\u00e9veloppement durable chez Launchworks & Co","og_description":"Launchworks & Co a mis en place une politique environnementale pour r\u00e9pondre a l'urgence de la crise climatique.","og_url":"https:\/\/www.launchworks.co\/fr\/politique-environnementale\/","og_site_name":"Launchworks Ventures Ltd.","article_modified_time":"2022-01-23T13:25:57+00:00","twitter_card":"summary_large_image","twitter_site":"@LaunchworksV","twitter_misc":{"Dur\u00e9e de lecture estim\u00e9e":"1 minute"},"schema":{"@context":"https:\/\/schema.org","@graph":[{"@type":"WebPage","@id":"https:\/\/www.launchworks.co\/fr\/politique-environnementale\/","url":"https:\/\/www.launchworks.co\/fr\/politique-environnementale\/","name":"Politique environnementale - D\u00e9veloppement durable chez Launchworks & Co","isPartOf":{"@id":"https:\/\/www.launchworks.co\/fr\/#website"},"datePublished":"2022-01-23T13:20:13+00:00","dateModified":"2022-01-23T13:25:57+00:00","description":"Launchworks & Co a mis en place une politique environnementale pour r\u00e9pondre a l'urgence de la crise climatique.","breadcrumb":{"@id":"https:\/\/www.launchworks.co\/fr\/politique-environnementale\/#breadcrumb"},"inLanguage":"fr-FR","potentialAction":[{"@type":"ReadAction","target":["https:\/\/www.launchworks.co\/fr\/politique-environnementale\/"]}]},{"@type":"BreadcrumbList","@id":"https:\/\/www.launchworks.co\/fr\/politique-environnementale\/#breadcrumb","itemListElement":[{"@type":"ListItem","position":1,"name":"Home","item":"https:\/\/www.launchworks.co\/fr\/"},{"@type":"ListItem","position":2,"name":"Politique environnementale"}]},{"@type":"WebSite","@id":"https:\/\/www.launchworks.co\/fr\/#website","url":"https:\/\/www.launchworks.co\/fr\/","name":"Launchworks Ventures Ltd.","description":"","potentialAction":[{"@type":"SearchAction","target":{"@type":"EntryPoint","urlTemplate":"https:\/\/www.launchworks.co\/fr\/?s={search_term_string}"},"query-input":{"@type":"PropertyValueSpecification","valueRequired":true,"valueName":"search_term_string"}}],"inLanguage":"fr-FR"}]}},"_links":{"self":[{"href":"https:\/\/www.launchworks.co\/fr\/wp-json\/wp\/v2\/pages\/11601","targetHints":{"allow":["GET"]}}],"collection":[{"href":"https:\/\/www.launchworks.co\/fr\/wp-json\/wp\/v2\/pages"}],"about":[{"href":"https:\/\/www.launchworks.co\/fr\/wp-json\/wp\/v2\/types\/page"}],"author":[{"embeddable":true,"href":"https:\/\/www.launchworks.co\/fr\/wp-json\/wp\/v2\/users\/4"}],"replies":[{"embeddable":true,"href":"https:\/\/www.launchworks.co\/fr\/wp-json\/wp\/v2\/comments?post=11601"}],"version-history":[{"count":2,"href":"https:\/\/www.launchworks.co\/fr\/wp-json\/wp\/v2\/pages\/11601\/revisions"}],"predecessor-version":[{"id":11603,"href":"https:\/\/www.launchworks.co\/fr\/wp-json\/wp\/v2\/pages\/11601\/revisions\/11603"}],"wp:attachment":[{"href":"https:\/\/www.launchworks.co\/fr\/wp-json\/wp\/v2\/media?parent=11601"}],"curies":[{"name":"wp","href":"https:\/\/api.w.org\/{rel}","templated":true}]}}