{"id":6641,"date":"2018-08-23T21:14:51","date_gmt":"2018-08-23T21:14:51","guid":{"rendered":"https:\/\/www.launchworks.co\/?page_id=6641"},"modified":"2024-05-28T03:52:03","modified_gmt":"2024-05-28T03:52:03","slug":"platform-strategy-lib%c3%a9rez-le-potentiel-des-communaut%c3%a9s-et-des-r%c3%a9seaux","status":"publish","type":"page","link":"https:\/\/www.launchworks.co\/fr\/platform-strategy-lib%c3%a9rez-le-potentiel-des-communaut%c3%a9s-et-des-r%c3%a9seaux\/","title":{"rendered":"Platform Strategy: Lib\u00e9rez le potentiel des communaut\u00e9s et des r\u00e9seaux pour acc\u00e9l\u00e9rer votre croissance"},"content":{"rendered":"","protected":false},"excerpt":{"rendered":"<p><a class=\"read-more\" href=\"https:\/\/www.launchworks.co\/fr\/platform-strategy-lib%c3%a9rez-le-potentiel-des-communaut%c3%a9s-et-des-r%c3%a9seaux\/\">Read More<\/a><\/p>\n","protected":false},"author":3,"featured_media":0,"parent":0,"menu_order":0,"comment_status":"closed","ping_status":"closed","template":"page-launchworks-panels.php","meta":{"_acf_changed":false,"content-type":"","footnotes":""},"class_list":["post-6641","page","type-page","status-publish","hentry"],"acf":[],"yoast_head":"<!-- This site is optimized with the Yoast SEO Premium plugin v27.3 (Yoast SEO v27.2) - https:\/\/yoast.com\/product\/yoast-seo-premium-wordpress\/ -->\n<title>Platform Strategy lib\u00e9rez le potentiel des communaut\u00e9s et des r\u00e9seaux<\/title>\n<meta name=\"description\" content=\"Platform Strategy: Lib\u00e9rez le potentiel des communaut\u00e9s et des r\u00e9seaux pour acc\u00e9l\u00e9rer votre croissance, le nouveau livre de Laure Claire &amp; Benoit Reillier.\" \/>\n<meta name=\"robots\" content=\"index, follow, max-snippet:-1, max-image-preview:large, max-video-preview:-1\" \/>\n<link rel=\"canonical\" href=\"https:\/\/www.launchworks.co\/fr\/platform-strategy-lib%c3%a9rez-le-potentiel-des-communaut%c3%a9s-et-des-r%c3%a9seaux\/\" \/>\n<meta property=\"og:locale\" content=\"fr_FR\" \/>\n<meta property=\"og:type\" content=\"article\" \/>\n<meta property=\"og:title\" content=\"Platform Strategy lib\u00e9rez le potentiel des communaut\u00e9s et des r\u00e9seaux\" \/>\n<meta property=\"og:description\" content=\"Platform Strategy: Lib\u00e9rez le potentiel des communaut\u00e9s et des r\u00e9seaux pour acc\u00e9l\u00e9rer votre croissance, le nouveau livre de Laure Claire &amp; Benoit Reillier.\" \/>\n<meta property=\"og:url\" content=\"https:\/\/www.launchworks.co\/fr\/platform-strategy-lib%c3%a9rez-le-potentiel-des-communaut%c3%a9s-et-des-r%c3%a9seaux\/\" \/>\n<meta property=\"og:site_name\" content=\"Launchworks Ventures Ltd.\" \/>\n<meta property=\"article:modified_time\" content=\"2024-05-28T03:52:03+00:00\" \/>\n<meta name=\"twitter:card\" content=\"summary_large_image\" \/>\n<meta name=\"twitter:site\" content=\"@LaunchworksV\" \/>\n<script type=\"application\/ld+json\" class=\"yoast-schema-graph\">{\"@context\":\"https:\/\/schema.org\",\"@graph\":[{\"@type\":\"WebPage\",\"@id\":\"https:\/\/www.launchworks.co\/fr\/platform-strategy-lib%c3%a9rez-le-potentiel-des-communaut%c3%a9s-et-des-r%c3%a9seaux\/\",\"url\":\"https:\/\/www.launchworks.co\/fr\/platform-strategy-lib%c3%a9rez-le-potentiel-des-communaut%c3%a9s-et-des-r%c3%a9seaux\/\",\"name\":\"Platform Strategy lib\u00e9rez le potentiel des communaut\u00e9s et des r\u00e9seaux\",\"isPartOf\":{\"@id\":\"https:\/\/www.launchworks.co\/fr\/#website\"},\"datePublished\":\"2018-08-23T21:14:51+00:00\",\"dateModified\":\"2024-05-28T03:52:03+00:00\",\"description\":\"Platform Strategy: Lib\u00e9rez le potentiel des communaut\u00e9s et des r\u00e9seaux pour acc\u00e9l\u00e9rer votre croissance, le nouveau livre de Laure Claire & Benoit Reillier.\",\"breadcrumb\":{\"@id\":\"https:\/\/www.launchworks.co\/fr\/platform-strategy-lib%c3%a9rez-le-potentiel-des-communaut%c3%a9s-et-des-r%c3%a9seaux\/#breadcrumb\"},\"inLanguage\":\"fr-FR\",\"potentialAction\":[{\"@type\":\"ReadAction\",\"target\":[\"https:\/\/www.launchworks.co\/fr\/platform-strategy-lib%c3%a9rez-le-potentiel-des-communaut%c3%a9s-et-des-r%c3%a9seaux\/\"]}]},{\"@type\":\"BreadcrumbList\",\"@id\":\"https:\/\/www.launchworks.co\/fr\/platform-strategy-lib%c3%a9rez-le-potentiel-des-communaut%c3%a9s-et-des-r%c3%a9seaux\/#breadcrumb\",\"itemListElement\":[{\"@type\":\"ListItem\",\"position\":1,\"name\":\"Home\",\"item\":\"https:\/\/www.launchworks.co\/fr\/\"},{\"@type\":\"ListItem\",\"position\":2,\"name\":\"Platform Strategy: Lib\u00e9rez le potentiel des communaut\u00e9s et des r\u00e9seaux pour acc\u00e9l\u00e9rer votre croissance\"}]},{\"@type\":\"WebSite\",\"@id\":\"https:\/\/www.launchworks.co\/fr\/#website\",\"url\":\"https:\/\/www.launchworks.co\/fr\/\",\"name\":\"Launchworks Ventures Ltd.\",\"description\":\"\",\"potentialAction\":[{\"@type\":\"SearchAction\",\"target\":{\"@type\":\"EntryPoint\",\"urlTemplate\":\"https:\/\/www.launchworks.co\/fr\/?s={search_term_string}\"},\"query-input\":{\"@type\":\"PropertyValueSpecification\",\"valueRequired\":true,\"valueName\":\"search_term_string\"}}],\"inLanguage\":\"fr-FR\"}]}<\/script>\n<!-- \/ Yoast SEO Premium plugin. -->","yoast_head_json":{"title":"Platform Strategy lib\u00e9rez le potentiel des communaut\u00e9s et des r\u00e9seaux","description":"Platform Strategy: Lib\u00e9rez le potentiel des communaut\u00e9s et des r\u00e9seaux pour acc\u00e9l\u00e9rer votre croissance, le nouveau livre de Laure Claire & Benoit Reillier.","robots":{"index":"index","follow":"follow","max-snippet":"max-snippet:-1","max-image-preview":"max-image-preview:large","max-video-preview":"max-video-preview:-1"},"canonical":"https:\/\/www.launchworks.co\/fr\/platform-strategy-lib%c3%a9rez-le-potentiel-des-communaut%c3%a9s-et-des-r%c3%a9seaux\/","og_locale":"fr_FR","og_type":"article","og_title":"Platform Strategy lib\u00e9rez le potentiel des communaut\u00e9s et des r\u00e9seaux","og_description":"Platform Strategy: Lib\u00e9rez le potentiel des communaut\u00e9s et des r\u00e9seaux pour acc\u00e9l\u00e9rer votre croissance, le nouveau livre de Laure Claire & Benoit Reillier.","og_url":"https:\/\/www.launchworks.co\/fr\/platform-strategy-lib%c3%a9rez-le-potentiel-des-communaut%c3%a9s-et-des-r%c3%a9seaux\/","og_site_name":"Launchworks Ventures Ltd.","article_modified_time":"2024-05-28T03:52:03+00:00","twitter_card":"summary_large_image","twitter_site":"@LaunchworksV","schema":{"@context":"https:\/\/schema.org","@graph":[{"@type":"WebPage","@id":"https:\/\/www.launchworks.co\/fr\/platform-strategy-lib%c3%a9rez-le-potentiel-des-communaut%c3%a9s-et-des-r%c3%a9seaux\/","url":"https:\/\/www.launchworks.co\/fr\/platform-strategy-lib%c3%a9rez-le-potentiel-des-communaut%c3%a9s-et-des-r%c3%a9seaux\/","name":"Platform Strategy lib\u00e9rez le potentiel des communaut\u00e9s et des r\u00e9seaux","isPartOf":{"@id":"https:\/\/www.launchworks.co\/fr\/#website"},"datePublished":"2018-08-23T21:14:51+00:00","dateModified":"2024-05-28T03:52:03+00:00","description":"Platform Strategy: Lib\u00e9rez le potentiel des communaut\u00e9s et des r\u00e9seaux pour acc\u00e9l\u00e9rer votre croissance, le nouveau livre de Laure Claire & Benoit Reillier.","breadcrumb":{"@id":"https:\/\/www.launchworks.co\/fr\/platform-strategy-lib%c3%a9rez-le-potentiel-des-communaut%c3%a9s-et-des-r%c3%a9seaux\/#breadcrumb"},"inLanguage":"fr-FR","potentialAction":[{"@type":"ReadAction","target":["https:\/\/www.launchworks.co\/fr\/platform-strategy-lib%c3%a9rez-le-potentiel-des-communaut%c3%a9s-et-des-r%c3%a9seaux\/"]}]},{"@type":"BreadcrumbList","@id":"https:\/\/www.launchworks.co\/fr\/platform-strategy-lib%c3%a9rez-le-potentiel-des-communaut%c3%a9s-et-des-r%c3%a9seaux\/#breadcrumb","itemListElement":[{"@type":"ListItem","position":1,"name":"Home","item":"https:\/\/www.launchworks.co\/fr\/"},{"@type":"ListItem","position":2,"name":"Platform Strategy: Lib\u00e9rez le potentiel des communaut\u00e9s et des r\u00e9seaux pour acc\u00e9l\u00e9rer votre croissance"}]},{"@type":"WebSite","@id":"https:\/\/www.launchworks.co\/fr\/#website","url":"https:\/\/www.launchworks.co\/fr\/","name":"Launchworks Ventures Ltd.","description":"","potentialAction":[{"@type":"SearchAction","target":{"@type":"EntryPoint","urlTemplate":"https:\/\/www.launchworks.co\/fr\/?s={search_term_string}"},"query-input":{"@type":"PropertyValueSpecification","valueRequired":true,"valueName":"search_term_string"}}],"inLanguage":"fr-FR"}]}},"_links":{"self":[{"href":"https:\/\/www.launchworks.co\/fr\/wp-json\/wp\/v2\/pages\/6641","targetHints":{"allow":["GET"]}}],"collection":[{"href":"https:\/\/www.launchworks.co\/fr\/wp-json\/wp\/v2\/pages"}],"about":[{"href":"https:\/\/www.launchworks.co\/fr\/wp-json\/wp\/v2\/types\/page"}],"author":[{"embeddable":true,"href":"https:\/\/www.launchworks.co\/fr\/wp-json\/wp\/v2\/users\/3"}],"replies":[{"embeddable":true,"href":"https:\/\/www.launchworks.co\/fr\/wp-json\/wp\/v2\/comments?post=6641"}],"version-history":[{"count":5,"href":"https:\/\/www.launchworks.co\/fr\/wp-json\/wp\/v2\/pages\/6641\/revisions"}],"predecessor-version":[{"id":13243,"href":"https:\/\/www.launchworks.co\/fr\/wp-json\/wp\/v2\/pages\/6641\/revisions\/13243"}],"wp:attachment":[{"href":"https:\/\/www.launchworks.co\/fr\/wp-json\/wp\/v2\/media?parent=6641"}],"curies":[{"name":"wp","href":"https:\/\/api.w.org\/{rel}","templated":true}]}}