{"id":7709,"date":"2020-06-12T09:45:42","date_gmt":"2020-06-12T09:45:42","guid":{"rendered":"https:\/\/www.launchworks.co\/?page_id=7709"},"modified":"2022-11-04T15:59:31","modified_gmt":"2022-11-04T15:59:31","slug":"mentions-legales","status":"publish","type":"page","link":"https:\/\/www.launchworks.co\/fr\/mentions-legales\/","title":{"rendered":"Mentions l\u00e9gales"},"content":{"rendered":"<p>Le site est la propri\u00e9t\u00e9 de Launchworks Ventures Ltd. Tous droits r\u00e9serv\u00e9s. La reproduction et l&rsquo;utilisation du contenu de ce site, en tout ou en partie, sont interdites. Les marques et logos sont des marques d\u00e9pos\u00e9es de Launchworks Ventures Ltd et de ses conc\u00e9dants de licence.<\/p>\n<p>Tous les textes, images, graphiques et leur disposition sur le site Web de Launchworks &amp; Co sont prot\u00e9g\u00e9s par le droit d&rsquo;auteur et d&rsquo;autres lois de protection. Le contenu de ce site Web ne doit pas \u00eatre copi\u00e9, distribu\u00e9, modifi\u00e9 ou mis \u00e0 la disposition de tiers \u00e0 des fins commerciales. Certaines pages du site Web contiennent \u00e9galement des images prot\u00e9g\u00e9es par des droits d&rsquo;auteur de tiers.<\/p>\n<p>Nous pouvons fournir des liens vers des sites Web tiers. Launchworks Ventures Ltd n&rsquo;a aucune responsabilit\u00e9 pour ces sites Web tiers, qui sont r\u00e9gis par les conditions d&rsquo;utilisation et les politiques de confidentialit\u00e9, le cas \u00e9ch\u00e9ant, des fournisseurs de contenu tiers respectifs.<\/p>\n<p>Les informations contenues sur ce site sont de nature g\u00e9n\u00e9rale et ne pr\u00e9tendent ni n&rsquo;indiquent un accord ou une valeur contractuelle. De plus, et malgr\u00e9 des mises \u00e0 jour r\u00e9guli\u00e8res du contenu du site, Launchworks Ventures Ltd ne pourra \u00eatre tenu responsable des dispositions administratives ou l\u00e9gales intervenues apr\u00e8s modifications. Launchworks Ventures Ltd ne peut en aucun cas \u00eatre tenu responsable des dommages directs et \/ ou indirects pouvant r\u00e9sulter de l&rsquo;utilisation des informations et analyses contenues sur ce site.<\/p>\n<p>Launchworks Ventures Ltd Limited est enregistr\u00e9e en Angleterre et au Pays de Galles (num\u00e9ro d&rsquo;enregistrement 8291683) avec son si\u00e8ge social \u00e0 124 City Road, London, England, EC1V 2NX, Royaume-Uni.<\/p>\n<p>Les questions, commentaires et demandes concernant ces conditions d&rsquo;utilisation du site Web doivent \u00eatre envoy\u00e9s par <a href=\"mailto:contact@launchworks.co\">e-mail<\/a> ou via le formulaire Contactez-nous qui se trouve sur la page <a href=\"https:\/\/www.launchworks.co\/fr\/contacts\/\">Contactez-nous<\/a>.<\/p>\n","protected":false},"excerpt":{"rendered":"<p>Le site est la propri\u00e9t\u00e9 de Launchworks Ventures Ltd. Tous droits r\u00e9serv\u00e9s. La reproduction et l&rsquo;utilisation du contenu de ce site, en tout ou en partie, sont interdites. Les marques et logos sont des marques d\u00e9pos\u00e9es de Launchworks Ventures Ltd et de ses conc\u00e9dants de licence. Tous les textes, images, graphiques et leur disposition sur&hellip; <a class=\"read-more\" href=\"https:\/\/www.launchworks.co\/fr\/mentions-legales\/\">Read More<\/a><\/p>\n","protected":false},"author":4,"featured_media":0,"parent":0,"menu_order":0,"comment_status":"closed","ping_status":"closed","template":"page-nosidebar.php","meta":{"_acf_changed":false,"content-type":"","footnotes":""},"class_list":["post-7709","page","type-page","status-publish","hentry"],"acf":[],"yoast_head":"<!-- This site is optimized with the Yoast SEO Premium plugin v27.3 (Yoast SEO v27.2) - https:\/\/yoast.com\/product\/yoast-seo-premium-wordpress\/ -->\n<title>Mentions l\u00e9gales - Launchworks Ventures Ltd.<\/title>\n<meta name=\"robots\" content=\"index, follow, max-snippet:-1, max-image-preview:large, max-video-preview:-1\" \/>\n<link rel=\"canonical\" href=\"https:\/\/www.launchworks.co\/fr\/mentions-legales\/\" \/>\n<meta property=\"og:locale\" content=\"fr_FR\" \/>\n<meta property=\"og:type\" content=\"article\" \/>\n<meta property=\"og:title\" content=\"Mentions l\u00e9gales - Launchworks Ventures Ltd.\" \/>\n<meta property=\"og:description\" content=\"Le site est la propri\u00e9t\u00e9 de Launchworks Ventures Ltd. Tous droits r\u00e9serv\u00e9s. La reproduction et l&rsquo;utilisation du contenu de ce site, en tout ou en partie, sont interdites. Les marques et logos sont des marques d\u00e9pos\u00e9es de Launchworks Ventures Ltd et de ses conc\u00e9dants de licence. Tous les textes, images, graphiques et leur disposition sur&hellip; Read More\" \/>\n<meta property=\"og:url\" content=\"https:\/\/www.launchworks.co\/fr\/mentions-legales\/\" \/>\n<meta property=\"og:site_name\" content=\"Launchworks Ventures Ltd.\" \/>\n<meta property=\"article:modified_time\" content=\"2022-11-04T15:59:31+00:00\" \/>\n<meta name=\"twitter:card\" content=\"summary_large_image\" \/>\n<meta name=\"twitter:site\" content=\"@LaunchworksV\" \/>\n<meta name=\"twitter:label1\" content=\"Dur\u00e9e de lecture estim\u00e9e\" \/>\n\t<meta name=\"twitter:data1\" content=\"2 minutes\" \/>\n<script type=\"application\/ld+json\" class=\"yoast-schema-graph\">{\"@context\":\"https:\/\/schema.org\",\"@graph\":[{\"@type\":\"WebPage\",\"@id\":\"https:\/\/www.launchworks.co\/fr\/mentions-legales\/\",\"url\":\"https:\/\/www.launchworks.co\/fr\/mentions-legales\/\",\"name\":\"Mentions l\u00e9gales - Launchworks Ventures Ltd.\",\"isPartOf\":{\"@id\":\"https:\/\/www.launchworks.co\/fr\/#website\"},\"datePublished\":\"2020-06-12T09:45:42+00:00\",\"dateModified\":\"2022-11-04T15:59:31+00:00\",\"breadcrumb\":{\"@id\":\"https:\/\/www.launchworks.co\/fr\/mentions-legales\/#breadcrumb\"},\"inLanguage\":\"fr-FR\",\"potentialAction\":[{\"@type\":\"ReadAction\",\"target\":[\"https:\/\/www.launchworks.co\/fr\/mentions-legales\/\"]}]},{\"@type\":\"BreadcrumbList\",\"@id\":\"https:\/\/www.launchworks.co\/fr\/mentions-legales\/#breadcrumb\",\"itemListElement\":[{\"@type\":\"ListItem\",\"position\":1,\"name\":\"Home\",\"item\":\"https:\/\/www.launchworks.co\/fr\/\"},{\"@type\":\"ListItem\",\"position\":2,\"name\":\"Mentions l\u00e9gales\"}]},{\"@type\":\"WebSite\",\"@id\":\"https:\/\/www.launchworks.co\/fr\/#website\",\"url\":\"https:\/\/www.launchworks.co\/fr\/\",\"name\":\"Launchworks Ventures Ltd.\",\"description\":\"\",\"potentialAction\":[{\"@type\":\"SearchAction\",\"target\":{\"@type\":\"EntryPoint\",\"urlTemplate\":\"https:\/\/www.launchworks.co\/fr\/?s={search_term_string}\"},\"query-input\":{\"@type\":\"PropertyValueSpecification\",\"valueRequired\":true,\"valueName\":\"search_term_string\"}}],\"inLanguage\":\"fr-FR\"}]}<\/script>\n<!-- \/ Yoast SEO Premium plugin. -->","yoast_head_json":{"title":"Mentions l\u00e9gales - Launchworks Ventures Ltd.","robots":{"index":"index","follow":"follow","max-snippet":"max-snippet:-1","max-image-preview":"max-image-preview:large","max-video-preview":"max-video-preview:-1"},"canonical":"https:\/\/www.launchworks.co\/fr\/mentions-legales\/","og_locale":"fr_FR","og_type":"article","og_title":"Mentions l\u00e9gales - Launchworks Ventures Ltd.","og_description":"Le site est la propri\u00e9t\u00e9 de Launchworks Ventures Ltd. Tous droits r\u00e9serv\u00e9s. La reproduction et l&rsquo;utilisation du contenu de ce site, en tout ou en partie, sont interdites. Les marques et logos sont des marques d\u00e9pos\u00e9es de Launchworks Ventures Ltd et de ses conc\u00e9dants de licence. Tous les textes, images, graphiques et leur disposition sur&hellip; Read More","og_url":"https:\/\/www.launchworks.co\/fr\/mentions-legales\/","og_site_name":"Launchworks Ventures Ltd.","article_modified_time":"2022-11-04T15:59:31+00:00","twitter_card":"summary_large_image","twitter_site":"@LaunchworksV","twitter_misc":{"Dur\u00e9e de lecture estim\u00e9e":"2 minutes"},"schema":{"@context":"https:\/\/schema.org","@graph":[{"@type":"WebPage","@id":"https:\/\/www.launchworks.co\/fr\/mentions-legales\/","url":"https:\/\/www.launchworks.co\/fr\/mentions-legales\/","name":"Mentions l\u00e9gales - Launchworks Ventures Ltd.","isPartOf":{"@id":"https:\/\/www.launchworks.co\/fr\/#website"},"datePublished":"2020-06-12T09:45:42+00:00","dateModified":"2022-11-04T15:59:31+00:00","breadcrumb":{"@id":"https:\/\/www.launchworks.co\/fr\/mentions-legales\/#breadcrumb"},"inLanguage":"fr-FR","potentialAction":[{"@type":"ReadAction","target":["https:\/\/www.launchworks.co\/fr\/mentions-legales\/"]}]},{"@type":"BreadcrumbList","@id":"https:\/\/www.launchworks.co\/fr\/mentions-legales\/#breadcrumb","itemListElement":[{"@type":"ListItem","position":1,"name":"Home","item":"https:\/\/www.launchworks.co\/fr\/"},{"@type":"ListItem","position":2,"name":"Mentions l\u00e9gales"}]},{"@type":"WebSite","@id":"https:\/\/www.launchworks.co\/fr\/#website","url":"https:\/\/www.launchworks.co\/fr\/","name":"Launchworks Ventures Ltd.","description":"","potentialAction":[{"@type":"SearchAction","target":{"@type":"EntryPoint","urlTemplate":"https:\/\/www.launchworks.co\/fr\/?s={search_term_string}"},"query-input":{"@type":"PropertyValueSpecification","valueRequired":true,"valueName":"search_term_string"}}],"inLanguage":"fr-FR"}]}},"_links":{"self":[{"href":"https:\/\/www.launchworks.co\/fr\/wp-json\/wp\/v2\/pages\/7709","targetHints":{"allow":["GET"]}}],"collection":[{"href":"https:\/\/www.launchworks.co\/fr\/wp-json\/wp\/v2\/pages"}],"about":[{"href":"https:\/\/www.launchworks.co\/fr\/wp-json\/wp\/v2\/types\/page"}],"author":[{"embeddable":true,"href":"https:\/\/www.launchworks.co\/fr\/wp-json\/wp\/v2\/users\/4"}],"replies":[{"embeddable":true,"href":"https:\/\/www.launchworks.co\/fr\/wp-json\/wp\/v2\/comments?post=7709"}],"version-history":[{"count":3,"href":"https:\/\/www.launchworks.co\/fr\/wp-json\/wp\/v2\/pages\/7709\/revisions"}],"predecessor-version":[{"id":12189,"href":"https:\/\/www.launchworks.co\/fr\/wp-json\/wp\/v2\/pages\/7709\/revisions\/12189"}],"wp:attachment":[{"href":"https:\/\/www.launchworks.co\/fr\/wp-json\/wp\/v2\/media?parent=7709"}],"curies":[{"name":"wp","href":"https:\/\/api.w.org\/{rel}","templated":true}]}}